{"id":740,"date":"2025-06-20T04:37:17","date_gmt":"2025-06-20T04:37:17","guid":{"rendered":"https:\/\/kabezashuecas.com\/?page_id=740"},"modified":"2026-02-03T12:48:02","modified_gmt":"2026-02-03T15:48:02","slug":"envios","status":"publish","type":"page","link":"https:\/\/kabezashuecas.com\/pt\/envios\/","title":{"rendered":"Envios"},"content":{"rendered":"<div data-elementor-type=\"wp-page\" data-elementor-id=\"740\" class=\"elementor elementor-740\" data-elementor-post-type=\"page\">\n\t\t\t\t<div class=\"elementor-element elementor-element-faf63ec e-flex e-con-boxed e-con e-parent\" data-id=\"faf63ec\" data-element_type=\"container\" data-e-type=\"container\">\n\t\t\t\t\t<div class=\"e-con-inner\">\n\t\t\t\t<div class=\"elementor-element elementor-element-cf24b0c elementor-widget elementor-widget-spacer\" data-id=\"cf24b0c\" data-element_type=\"widget\" data-e-type=\"widget\" data-widget_type=\"spacer.default\">\n\t\t\t\t<div class=\"elementor-widget-container\">\n\t\t\t\t\t\t\t<div class=\"elementor-spacer\">\n\t\t\t<div class=\"elementor-spacer-inner\"><\/div>\n\t\t<\/div>\n\t\t\t\t\t\t<\/div>\n\t\t\t\t<\/div>\n\t\t\t\t<div class=\"elementor-element elementor-element-56b6a80 elementor-widget elementor-widget-heading\" data-id=\"56b6a80\" data-element_type=\"widget\" data-e-type=\"widget\" data-widget_type=\"heading.default\">\n\t\t\t\t<div class=\"elementor-widget-container\">\n\t\t\t\t\t<h2 class=\"elementor-heading-title elementor-size-default\">Env\u00edos<\/h2>\t\t\t\t<\/div>\n\t\t\t\t<\/div>\n\t\t\t\t\t<\/div>\n\t\t\t\t<\/div>\n\t\t<div class=\"elementor-element elementor-element-01d6e84 e-flex e-con-boxed e-con e-parent\" data-id=\"01d6e84\" data-element_type=\"container\" data-e-type=\"container\">\n\t\t\t\t\t<div class=\"e-con-inner\">\n\t\t\t\t<div class=\"elementor-element elementor-element-f2d34a3 elementor-widget elementor-widget-text-editor\" data-id=\"f2d34a3\" data-element_type=\"widget\" data-e-type=\"widget\" data-widget_type=\"text-editor.default\">\n\t\t\t\t<div class=\"elementor-widget-container\">\n\t\t\t\t\t\t\t\t\t<p>RECEPCI\u00d3N DEL PEDIDO<\/p><p data-start=\"228\" data-end=\"304\">Pod\u00e9s elegir recibir tu pedido en un domicilio o retirarlo en nuestro local.<\/p><p>Retiro en local<\/p><p><strong data-start=\"329\" data-end=\"367\">Ubicaci\u00f3n<\/strong><\/p><p data-start=\"369\" data-end=\"525\">El retiro en local se realiza <strong data-start=\"399\" data-end=\"413\">\u00fanicamente<\/strong> una vez que recibas el correo electr\u00f3nico de notificaci\u00f3n indicando que tu pedido est\u00e1 listo para ser retirado.<\/p><p data-start=\"527\" data-end=\"692\">El plazo estimado para notificar la disponibilidad es de hasta <strong data-start=\"590\" data-end=\"608\">5 d\u00edas h\u00e1biles<\/strong>.<br data-start=\"609\" data-end=\"612\" \/>En fechas de alta demanda o promociones especiales, este plazo puede extenderse.<\/p><p data-start=\"694\" data-end=\"759\">No se realizan entregas ni retiros fuera del horario de atenci\u00f3n.<\/p><blockquote data-start=\"761\" data-end=\"883\"><p data-start=\"763\" data-end=\"883\">Los servicios no se entregan como productos. En esos casos, la coordinaci\u00f3n se realiza previamente por contacto directo.<\/p><\/blockquote><hr data-start=\"885\" data-end=\"888\" \/><p>PLAZOS DE ENV\u00cdO<\/p><p data-start=\"910\" data-end=\"1052\">El plazo de entrega para env\u00edos dentro de Uruguay es de hasta <strong data-start=\"972\" data-end=\"990\">5 d\u00edas h\u00e1biles<\/strong>, dependiendo de la zona de destino y del proveedor log\u00edstico.<\/p><p data-start=\"1054\" data-end=\"1248\">Todos los pedidos requieren <strong data-start=\"1082\" data-end=\"1118\">firma al momento de la recepci\u00f3n<\/strong>.<br data-start=\"1119\" data-end=\"1122\" \/>Si otra persona recibe el pedido en tu nombre, deber\u00e1 presentar una copia del documento de identidad del titular de la compra.<\/p><p data-start=\"1250\" data-end=\"1443\">Los plazos de entrega son <strong data-start=\"1276\" data-end=\"1291\">estimativos<\/strong> y comienzan a correr desde la fecha de despacho.<br data-start=\"1340\" data-end=\"1343\" \/><strong data-start=\"1343\" data-end=\"1366\">ReMap KabezasHuecas<\/strong> no se responsabiliza por demoras ocasionadas por el proveedor de transporte.<\/p><p data-start=\"1445\" data-end=\"1527\">Durante per\u00edodos de alta demanda, los env\u00edos pueden presentar demoras adicionales.<\/p><hr data-start=\"1529\" data-end=\"1532\" \/><p>COSTOS DE ENV\u00cdO<\/p><ul data-start=\"1554\" data-end=\"1701\"><li data-start=\"1554\" data-end=\"1616\"><p data-start=\"1556\" data-end=\"1616\"><strong data-start=\"1556\" data-end=\"1584\">Ciudad Ubicaci\u00f3n \u2013 Env\u00edo local:<\/strong> costo a coordinar seg\u00fan zona.<\/p><\/li><li data-start=\"1617\" data-end=\"1701\"><p data-start=\"1619\" data-end=\"1701\"><strong data-start=\"1619\" data-end=\"1658\">Interior del pa\u00eds \u2013 Env\u00edo est\u00e1ndar:<\/strong> costo a coordinar al momento de la compra.<\/p><\/li><\/ul><p data-start=\"1703\" data-end=\"1791\">Los costos pueden variar seg\u00fan el tipo de producto y la modalidad de env\u00edo seleccionada.<\/p><hr data-start=\"1793\" data-end=\"1796\" \/><p>COORDINACI\u00d3N Y CONSULTAS<\/p><p data-start=\"1827\" data-end=\"1952\">Para coordinar env\u00edos, retiros o realizar consultas sobre productos o servicios, pod\u00e9s comunicarte con nosotros por WhatsApp:<\/p><p data-start=\"1954\" data-end=\"1972\"><img decoding=\"async\" class=\"emoji\" role=\"img\" draggable=\"false\" src=\"https:\/\/s.w.org\/images\/core\/emoji\/17.0.2\/svg\/1f4f1.svg\" alt=\"\ud83d\udcf1\" \/> 097 816 899<\/p><p data-start=\"1954\" data-end=\"1972\"><strong data-start=\"3891\" data-end=\"3916\">\u00daltima actualizaci\u00f3n:<\/strong> Febrero 2026<\/p>\t\t\t\t\t\t\t\t<\/div>\n\t\t\t\t<\/div>\n\t\t\t\t\t<\/div>\n\t\t\t\t<\/div>\n\t\t\t\t<\/div>","protected":false},"excerpt":{"rendered":"<p>Env\u00edos RECEPCI\u00d3N DEL PEDIDO Pod\u00e9s elegir recibir tu pedido en un domicilio o retirarlo en nuestro local. Retiro en local [&hellip;]<\/p>\n","protected":false},"author":1,"featured_media":0,"parent":0,"menu_order":0,"comment_status":"closed","ping_status":"closed","template":"","meta":{"site-sidebar-layout":"no-sidebar","site-content-layout":"","ast-site-content-layout":"full-width-container","site-content-style":"default","site-sidebar-style":"default","ast-global-header-display":"","ast-banner-title-visibility":"","ast-main-header-display":"","ast-hfb-above-header-display":"","ast-hfb-below-header-display":"","ast-hfb-mobile-header-display":"","site-post-title":"disabled","ast-breadcrumbs-content":"","ast-featured-img":"disabled","footer-sml-layout":"","ast-disable-related-posts":"","theme-transparent-header-meta":"","adv-header-id-meta":"","stick-header-meta":"","header-above-stick-meta":"","header-main-stick-meta":"","header-below-stick-meta":"","astra-migrate-meta-layouts":"default","ast-page-background-enabled":"default","ast-page-background-meta":{"desktop":{"background-color":"var(--ast-global-color-5)","background-image":"","background-repeat":"repeat","background-position":"center center","background-size":"auto","background-attachment":"scroll","background-type":"","background-media":"","overlay-type":"","overlay-color":"","overlay-opacity":"","overlay-gradient":""},"tablet":{"background-color":"","background-image":"","background-repeat":"repeat","background-position":"center center","background-size":"auto","background-attachment":"scroll","background-type":"","background-media":"","overlay-type":"","overlay-color":"","overlay-opacity":"","overlay-gradient":""},"mobile":{"background-color":"","background-image":"","background-repeat":"repeat","background-position":"center center","background-size":"auto","background-attachment":"scroll","background-type":"","background-media":"","overlay-type":"","overlay-color":"","overlay-opacity":"","overlay-gradient":""}},"ast-content-background-meta":{"desktop":{"background-color":"var(--ast-global-color-4)","background-image":"","background-repeat":"repeat","background-position":"center center","background-size":"auto","background-attachment":"scroll","background-type":"","background-media":"","overlay-type":"","overlay-color":"","overlay-opacity":"","overlay-gradient":""},"tablet":{"background-color":"var(--ast-global-color-4)","background-image":"","background-repeat":"repeat","background-position":"center center","background-size":"auto","background-attachment":"scroll","background-type":"","background-media":"","overlay-type":"","overlay-color":"","overlay-opacity":"","overlay-gradient":""},"mobile":{"background-color":"var(--ast-global-color-4)","background-image":"","background-repeat":"repeat","background-position":"center center","background-size":"auto","background-attachment":"scroll","background-type":"","background-media":"","overlay-type":"","overlay-color":"","overlay-opacity":"","overlay-gradient":""}},"footnotes":""},"class_list":["post-740","page","type-page","status-publish","hentry"],"yoast_head":"<!-- This site is optimized with the Yoast SEO plugin v27.4 - https:\/\/yoast.com\/product\/yoast-seo-wordpress\/ -->\n<title>Envios - ReMap KabezasHuecas<\/title>\n<meta name=\"robots\" content=\"index, follow, max-snippet:-1, max-image-preview:large, max-video-preview:-1\" \/>\n<link rel=\"canonical\" href=\"https:\/\/kabezashuecas.com\/pt\/envios\/\" \/>\n<meta property=\"og:locale\" content=\"pt_BR\" \/>\n<meta property=\"og:type\" content=\"article\" \/>\n<meta property=\"og:title\" content=\"Envios - ReMap KabezasHuecas\" \/>\n<meta property=\"og:description\" content=\"Env\u00edos RECEPCI\u00d3N DEL PEDIDO Pod\u00e9s elegir recibir tu pedido en un domicilio o retirarlo en nuestro local. Retiro en local [&hellip;]\" \/>\n<meta property=\"og:url\" content=\"https:\/\/kabezashuecas.com\/pt\/envios\/\" \/>\n<meta property=\"og:site_name\" content=\"ReMap KabezasHuecas\" \/>\n<meta property=\"article:publisher\" content=\"https:\/\/www.facebook.com\/profile.php?id=61579622331817\" \/>\n<meta property=\"article:modified_time\" content=\"2026-02-03T15:48:02+00:00\" \/>\n<meta property=\"og:image\" content=\"https:\/\/s.w.org\/images\/core\/emoji\/17.0.2\/svg\/1f4f1.svg\" \/>\n<meta name=\"twitter:card\" content=\"summary_large_image\" \/>\n<meta name=\"twitter:label1\" content=\"Est. tempo de leitura\" \/>\n\t<meta name=\"twitter:data1\" content=\"2 minutos\" \/>\n<script type=\"application\/ld+json\" class=\"yoast-schema-graph\">{\"@context\":\"https:\\\/\\\/schema.org\",\"@graph\":[{\"@type\":\"WebPage\",\"@id\":\"https:\\\/\\\/kabezashuecas.com\\\/envios\\\/\",\"url\":\"https:\\\/\\\/kabezashuecas.com\\\/envios\\\/\",\"name\":\"Envios - ReMap KabezasHuecas\",\"isPartOf\":{\"@id\":\"https:\\\/\\\/kabezashuecas.com\\\/#website\"},\"primaryImageOfPage\":{\"@id\":\"https:\\\/\\\/kabezashuecas.com\\\/envios\\\/#primaryimage\"},\"image\":{\"@id\":\"https:\\\/\\\/kabezashuecas.com\\\/envios\\\/#primaryimage\"},\"thumbnailUrl\":\"https:\\\/\\\/s.w.org\\\/images\\\/core\\\/emoji\\\/17.0.2\\\/svg\\\/1f4f1.svg\",\"datePublished\":\"2025-06-20T04:37:17+00:00\",\"dateModified\":\"2026-02-03T15:48:02+00:00\",\"breadcrumb\":{\"@id\":\"https:\\\/\\\/kabezashuecas.com\\\/envios\\\/#breadcrumb\"},\"inLanguage\":\"pt-BR\",\"potentialAction\":[{\"@type\":\"ReadAction\",\"target\":[\"https:\\\/\\\/kabezashuecas.com\\\/envios\\\/\"]}]},{\"@type\":\"ImageObject\",\"inLanguage\":\"pt-BR\",\"@id\":\"https:\\\/\\\/kabezashuecas.com\\\/envios\\\/#primaryimage\",\"url\":\"https:\\\/\\\/s.w.org\\\/images\\\/core\\\/emoji\\\/17.0.2\\\/svg\\\/1f4f1.svg\",\"contentUrl\":\"https:\\\/\\\/s.w.org\\\/images\\\/core\\\/emoji\\\/17.0.2\\\/svg\\\/1f4f1.svg\"},{\"@type\":\"BreadcrumbList\",\"@id\":\"https:\\\/\\\/kabezashuecas.com\\\/envios\\\/#breadcrumb\",\"itemListElement\":[{\"@type\":\"ListItem\",\"position\":1,\"name\":\"Portada\",\"item\":\"https:\\\/\\\/kabezashuecas.com\\\/\"},{\"@type\":\"ListItem\",\"position\":2,\"name\":\"Envios\"}]},{\"@type\":\"WebSite\",\"@id\":\"https:\\\/\\\/kabezashuecas.com\\\/#website\",\"url\":\"https:\\\/\\\/kabezashuecas.com\\\/\",\"name\":\"ReMap KabezasHuecas\",\"description\":\"Reprogramaci\u00f3n de ECU. Soluciones electr\u00f3nicas para veh\u00edculos, compatibles con autos y motos.\",\"publisher\":{\"@id\":\"https:\\\/\\\/kabezashuecas.com\\\/#organization\"},\"alternateName\":\"ReMap KabezasHuecas\",\"potentialAction\":[{\"@type\":\"SearchAction\",\"target\":{\"@type\":\"EntryPoint\",\"urlTemplate\":\"https:\\\/\\\/kabezashuecas.com\\\/?s={search_term_string}\"},\"query-input\":{\"@type\":\"PropertyValueSpecification\",\"valueRequired\":true,\"valueName\":\"search_term_string\"}}],\"inLanguage\":\"pt-BR\"},{\"@type\":\"Organization\",\"@id\":\"https:\\\/\\\/kabezashuecas.com\\\/#organization\",\"name\":\"ReMap KabezasHuecas\",\"alternateName\":\"ReMap KabezasHuecas\",\"url\":\"https:\\\/\\\/kabezashuecas.com\\\/\",\"logo\":{\"@type\":\"ImageObject\",\"inLanguage\":\"pt-BR\",\"@id\":\"https:\\\/\\\/kabezashuecas.com\\\/#\\\/schema\\\/logo\\\/image\\\/\",\"url\":\"https:\\\/\\\/kabezashuecas.com\\\/wp-content\\\/uploads\\\/2025\\\/06\\\/web-logo-claro.png\",\"contentUrl\":\"https:\\\/\\\/kabezashuecas.com\\\/wp-content\\\/uploads\\\/2025\\\/06\\\/web-logo-claro.png\",\"width\":2459,\"height\":1717,\"caption\":\"ReMap KabezasHuecas\"},\"image\":{\"@id\":\"https:\\\/\\\/kabezashuecas.com\\\/#\\\/schema\\\/logo\\\/image\\\/\"},\"sameAs\":[\"https:\\\/\\\/www.facebook.com\\\/profile.php?id=61579622331817\",\"https:\\\/\\\/www.instagram.com\\\/tallerkabezashuecas\\\/\"]}]}<\/script>\n<!-- \/ Yoast SEO plugin. -->","yoast_head_json":{"title":"Envios - ReMap KabezasHuecas","robots":{"index":"index","follow":"follow","max-snippet":"max-snippet:-1","max-image-preview":"max-image-preview:large","max-video-preview":"max-video-preview:-1"},"canonical":"https:\/\/kabezashuecas.com\/pt\/envios\/","og_locale":"pt_BR","og_type":"article","og_title":"Envios - ReMap KabezasHuecas","og_description":"Env\u00edos RECEPCI\u00d3N DEL PEDIDO Pod\u00e9s elegir recibir tu pedido en un domicilio o retirarlo en nuestro local. Retiro en local [&hellip;]","og_url":"https:\/\/kabezashuecas.com\/pt\/envios\/","og_site_name":"ReMap KabezasHuecas","article_publisher":"https:\/\/www.facebook.com\/profile.php?id=61579622331817","article_modified_time":"2026-02-03T15:48:02+00:00","og_image":[{"url":"https:\/\/s.w.org\/images\/core\/emoji\/17.0.2\/svg\/1f4f1.svg","type":"","width":"","height":""}],"twitter_card":"summary_large_image","twitter_misc":{"Est. tempo de leitura":"2 minutos"},"schema":{"@context":"https:\/\/schema.org","@graph":[{"@type":"WebPage","@id":"https:\/\/kabezashuecas.com\/envios\/","url":"https:\/\/kabezashuecas.com\/envios\/","name":"Envios - ReMap KabezasHuecas","isPartOf":{"@id":"https:\/\/kabezashuecas.com\/#website"},"primaryImageOfPage":{"@id":"https:\/\/kabezashuecas.com\/envios\/#primaryimage"},"image":{"@id":"https:\/\/kabezashuecas.com\/envios\/#primaryimage"},"thumbnailUrl":"https:\/\/s.w.org\/images\/core\/emoji\/17.0.2\/svg\/1f4f1.svg","datePublished":"2025-06-20T04:37:17+00:00","dateModified":"2026-02-03T15:48:02+00:00","breadcrumb":{"@id":"https:\/\/kabezashuecas.com\/envios\/#breadcrumb"},"inLanguage":"pt-BR","potentialAction":[{"@type":"ReadAction","target":["https:\/\/kabezashuecas.com\/envios\/"]}]},{"@type":"ImageObject","inLanguage":"pt-BR","@id":"https:\/\/kabezashuecas.com\/envios\/#primaryimage","url":"https:\/\/s.w.org\/images\/core\/emoji\/17.0.2\/svg\/1f4f1.svg","contentUrl":"https:\/\/s.w.org\/images\/core\/emoji\/17.0.2\/svg\/1f4f1.svg"},{"@type":"BreadcrumbList","@id":"https:\/\/kabezashuecas.com\/envios\/#breadcrumb","itemListElement":[{"@type":"ListItem","position":1,"name":"Portada","item":"https:\/\/kabezashuecas.com\/"},{"@type":"ListItem","position":2,"name":"Envios"}]},{"@type":"WebSite","@id":"https:\/\/kabezashuecas.com\/#website","url":"https:\/\/kabezashuecas.com\/","name":"ReMap KabezasHuecas","description":"Reprogramaci\u00f3n de ECU. Soluciones electr\u00f3nicas para veh\u00edculos, compatibles con autos y motos.","publisher":{"@id":"https:\/\/kabezashuecas.com\/#organization"},"alternateName":"ReMap KabezasHuecas","potentialAction":[{"@type":"SearchAction","target":{"@type":"EntryPoint","urlTemplate":"https:\/\/kabezashuecas.com\/?s={search_term_string}"},"query-input":{"@type":"PropertyValueSpecification","valueRequired":true,"valueName":"search_term_string"}}],"inLanguage":"pt-BR"},{"@type":"Organization","@id":"https:\/\/kabezashuecas.com\/#organization","name":"ReMap KabezasHuecas","alternateName":"ReMap KabezasHuecas","url":"https:\/\/kabezashuecas.com\/","logo":{"@type":"ImageObject","inLanguage":"pt-BR","@id":"https:\/\/kabezashuecas.com\/#\/schema\/logo\/image\/","url":"https:\/\/kabezashuecas.com\/wp-content\/uploads\/2025\/06\/web-logo-claro.png","contentUrl":"https:\/\/kabezashuecas.com\/wp-content\/uploads\/2025\/06\/web-logo-claro.png","width":2459,"height":1717,"caption":"ReMap KabezasHuecas"},"image":{"@id":"https:\/\/kabezashuecas.com\/#\/schema\/logo\/image\/"},"sameAs":["https:\/\/www.facebook.com\/profile.php?id=61579622331817","https:\/\/www.instagram.com\/tallerkabezashuecas\/"]}]}},"_links":{"self":[{"href":"https:\/\/kabezashuecas.com\/pt\/wp-json\/wp\/v2\/pages\/740","targetHints":{"allow":["GET"]}}],"collection":[{"href":"https:\/\/kabezashuecas.com\/pt\/wp-json\/wp\/v2\/pages"}],"about":[{"href":"https:\/\/kabezashuecas.com\/pt\/wp-json\/wp\/v2\/types\/page"}],"author":[{"embeddable":true,"href":"https:\/\/kabezashuecas.com\/pt\/wp-json\/wp\/v2\/users\/1"}],"replies":[{"embeddable":true,"href":"https:\/\/kabezashuecas.com\/pt\/wp-json\/wp\/v2\/comments?post=740"}],"version-history":[{"count":15,"href":"https:\/\/kabezashuecas.com\/pt\/wp-json\/wp\/v2\/pages\/740\/revisions"}],"predecessor-version":[{"id":2572,"href":"https:\/\/kabezashuecas.com\/pt\/wp-json\/wp\/v2\/pages\/740\/revisions\/2572"}],"wp:attachment":[{"href":"https:\/\/kabezashuecas.com\/pt\/wp-json\/wp\/v2\/media?parent=740"}],"curies":[{"name":"wp","href":"https:\/\/api.w.org\/{rel}","templated":true}]}}