{"id":679,"date":"2025-06-20T03:44:50","date_gmt":"2025-06-20T03:44:50","guid":{"rendered":"https:\/\/kabezashuecas.com\/?page_id=679"},"modified":"2026-02-03T12:48:06","modified_gmt":"2026-02-03T15:48:06","slug":"como-comprar","status":"publish","type":"page","link":"https:\/\/kabezashuecas.com\/pt\/como-comprar\/","title":{"rendered":"Como comprar"},"content":{"rendered":"<div data-elementor-type=\"wp-page\" data-elementor-id=\"679\" class=\"elementor elementor-679\" data-elementor-post-type=\"page\">\n\t\t\t\t<div class=\"elementor-element elementor-element-1b71fcb e-flex e-con-boxed e-con e-parent\" data-id=\"1b71fcb\" data-element_type=\"container\" data-e-type=\"container\">\n\t\t\t\t\t<div class=\"e-con-inner\">\n\t\t\t\t<div class=\"elementor-element elementor-element-f35a3ee elementor-widget elementor-widget-spacer\" data-id=\"f35a3ee\" data-element_type=\"widget\" data-e-type=\"widget\" data-widget_type=\"spacer.default\">\n\t\t\t\t<div class=\"elementor-widget-container\">\n\t\t\t\t\t\t\t<div class=\"elementor-spacer\">\n\t\t\t<div class=\"elementor-spacer-inner\"><\/div>\n\t\t<\/div>\n\t\t\t\t\t\t<\/div>\n\t\t\t\t<\/div>\n\t\t\t\t<div class=\"elementor-element elementor-element-2e24491 elementor-widget elementor-widget-heading\" data-id=\"2e24491\" data-element_type=\"widget\" data-e-type=\"widget\" data-widget_type=\"heading.default\">\n\t\t\t\t<div class=\"elementor-widget-container\">\n\t\t\t\t\t<h2 class=\"elementor-heading-title elementor-size-default\">Como comprar<\/h2>\t\t\t\t<\/div>\n\t\t\t\t<\/div>\n\t\t<div class=\"elementor-element elementor-element-1f2c765 e-con-full e-flex e-con e-child\" data-id=\"1f2c765\" data-element_type=\"container\" data-e-type=\"container\">\n\t\t\t\t<div class=\"elementor-element elementor-element-dc6e9fd elementor-widget elementor-widget-text-editor\" data-id=\"dc6e9fd\" data-element_type=\"widget\" data-e-type=\"widget\" data-widget_type=\"text-editor.default\">\n\t\t\t\t<div class=\"elementor-widget-container\">\n\t\t\t\t\t\t\t\t\t<p>PROCESO DE COMPRA DE PRODUCTOS<\/p><p data-start=\"275\" data-end=\"358\">Comprar productos en <strong data-start=\"296\" data-end=\"319\">ReMap KabezasHuecas<\/strong> es simple y r\u00e1pido. Segu\u00ed estos pasos:<\/p><ol data-start=\"360\" data-end=\"1055\"><li data-start=\"360\" data-end=\"410\"><p data-start=\"363\" data-end=\"410\">Eleg\u00ed la categor\u00eda de producto que te interese.<\/p><\/li><li data-start=\"411\" data-end=\"454\"><p data-start=\"414\" data-end=\"454\">Ingres\u00e1 al producto para ver su detalle.<\/p><\/li><li data-start=\"455\" data-end=\"533\"><p data-start=\"458\" data-end=\"533\">All\u00ed podr\u00e1s visualizar im\u00e1genes, descripciones, especificaciones y precios.<\/p><\/li><li data-start=\"534\" data-end=\"613\"><p data-start=\"537\" data-end=\"613\">Seleccion\u00e1 el producto y agregalo al carrito haciendo clic en <strong data-start=\"599\" data-end=\"612\">\u201cCOMPRAR\u201d<\/strong>.<\/p><\/li><li data-start=\"614\" data-end=\"678\"><p data-start=\"617\" data-end=\"678\">Pod\u00e9s continuar navegando o avanzar para finalizar la compra.<\/p><\/li><li data-start=\"679\" data-end=\"742\"><p data-start=\"682\" data-end=\"742\">Revis\u00e1 el resumen del pedido y hac\u00e9 clic en <strong data-start=\"726\" data-end=\"741\">\u201cCONTINUAR\u201d<\/strong>.<\/p><\/li><li data-start=\"743\" data-end=\"814\"><p data-start=\"746\" data-end=\"814\">Pod\u00e9s completar la compra como cliente registrado o sin registrarte.<\/p><\/li><li data-start=\"815\" data-end=\"859\"><p data-start=\"818\" data-end=\"859\">Complet\u00e1 y verific\u00e1 tus datos personales.<\/p><\/li><li data-start=\"860\" data-end=\"921\"><p data-start=\"863\" data-end=\"921\">Eleg\u00ed la modalidad de entrega o retiro, seg\u00fan corresponda.<\/p><\/li><li data-start=\"922\" data-end=\"997\"><p data-start=\"926\" data-end=\"997\">Le\u00e9 y acept\u00e1 los t\u00e9rminos y condiciones y hac\u00e9 clic en <strong data-start=\"981\" data-end=\"996\">\u201cCONTINUAR\u201d<\/strong>.<\/p><\/li><li data-start=\"998\" data-end=\"1031\"><p data-start=\"1002\" data-end=\"1031\">Seleccion\u00e1 el m\u00e9todo de pago.<\/p><\/li><li data-start=\"1032\" data-end=\"1055\"><p data-start=\"1036\" data-end=\"1055\">Confirm\u00e1 la compra.<\/p><\/li><\/ol><hr data-start=\"1057\" data-end=\"1060\" \/><p><strong>SERVICIOS<\/strong><\/p><p data-start=\"1076\" data-end=\"1184\">Los servicios ofrecidos por <strong data-start=\"1104\" data-end=\"1127\">ReMap KabezasHuecas<\/strong> no se contratan de forma directa desde la tienda online.<\/p><p data-start=\"1186\" data-end=\"1309\">Cada servicio cuenta con informaci\u00f3n detallada y un medio de contacto para que puedas comunicarte con nosotros y coordinar:<\/p><ul data-start=\"1311\" data-end=\"1399\"><li data-start=\"1311\" data-end=\"1335\"><p data-start=\"1313\" data-end=\"1335\">Alcance del servicio<\/p><\/li><li data-start=\"1336\" data-end=\"1351\"><p data-start=\"1338\" data-end=\"1351\">Presupuesto<\/p><\/li><li data-start=\"1352\" data-end=\"1374\"><p data-start=\"1354\" data-end=\"1374\">Tiempos de trabajo<\/p><\/li><li data-start=\"1375\" data-end=\"1399\"><p data-start=\"1377\" data-end=\"1399\">Modalidad de entrega<\/p><\/li><\/ul><p data-start=\"1401\" data-end=\"1521\">La contrataci\u00f3n de servicios se realiza exclusivamente <strong data-start=\"1456\" data-end=\"1479\">previa coordinaci\u00f3n<\/strong> a trav\u00e9s de nuestros canales de contacto.<\/p><hr data-start=\"1523\" data-end=\"1526\" \/><p>CONFIRMACI\u00d3N DE LA COMPRA<\/p><p data-start=\"1558\" data-end=\"1719\">Una vez realizada la compra, recibir\u00e1s un correo electr\u00f3nico de confirmaci\u00f3n.<br data-start=\"1635\" data-end=\"1638\" \/>Si no lo recib\u00eds, pod\u00e9s comunicarte con nosotros v\u00eda WhatsApp al 097 816 899.<\/p><hr data-start=\"1721\" data-end=\"1724\" \/><p>CREAR Y GESTIONAR UNA CUENTA<\/p><p data-start=\"1759\" data-end=\"1887\">Para crear una cuenta, hac\u00e9 clic en el \u00edcono de usuario ubicado en la parte superior del sitio y complet\u00e1 los datos solicitados.<\/p><p data-start=\"1889\" data-end=\"1910\">Con tu cuenta podr\u00e1s:<\/p><ul data-start=\"1912\" data-end=\"2084\"><li data-start=\"1912\" data-end=\"1960\"><p data-start=\"1914\" data-end=\"1960\">Realizar compras de forma m\u00e1s r\u00e1pida y segura.<\/p><\/li><li data-start=\"1961\" data-end=\"1998\"><p data-start=\"1963\" data-end=\"1998\">Consultar el estado de tus pedidos.<\/p><\/li><li data-start=\"1999\" data-end=\"2033\"><p data-start=\"2001\" data-end=\"2033\">Acceder al historial de compras.<\/p><\/li><li data-start=\"2034\" data-end=\"2084\"><p data-start=\"2036\" data-end=\"2084\">Gestionar tus datos personales y de facturaci\u00f3n.<\/p><\/li><\/ul><p data-start=\"2086\" data-end=\"2160\">Desde la secci\u00f3n <strong data-start=\"2103\" data-end=\"2118\">\u201cMI CUENTA\u201d<\/strong> podr\u00e1s administrar toda esta informaci\u00f3n.<\/p><hr data-start=\"2162\" data-end=\"2165\" \/><p>ACTUALIZAR DATOS DE LA CUENTA<\/p><p data-start=\"2201\" data-end=\"2346\">Ingres\u00e1 a la secci\u00f3n <strong data-start=\"2222\" data-end=\"2235\">MI CUENTA<\/strong>, inici\u00e1 sesi\u00f3n y seleccion\u00e1 <strong data-start=\"2264\" data-end=\"2276\">\u201cEDITAR\u201d<\/strong> para modificar tus datos.<br data-start=\"2302\" data-end=\"2305\" \/>Record\u00e1 guardar los cambios al finalizar.<\/p><hr data-start=\"2348\" data-end=\"2351\" \/><p>OLVID\u00c9 MI CONTRASE\u00d1A<\/p><p data-start=\"2378\" data-end=\"2405\">Si olvidaste tu contrase\u00f1a:<\/p><ol data-start=\"2407\" data-end=\"2566\"><li data-start=\"2407\" data-end=\"2434\"><p data-start=\"2410\" data-end=\"2434\">Ingres\u00e1 a <strong data-start=\"2420\" data-end=\"2433\">MI CUENTA<\/strong>.<\/p><\/li><li data-start=\"2435\" data-end=\"2478\"><p data-start=\"2438\" data-end=\"2478\">Hac\u00e9 clic en <strong data-start=\"2451\" data-end=\"2477\">\u201cOLVID\u00c9 MI CONTRASE\u00d1A\u201d<\/strong>.<\/p><\/li><li data-start=\"2479\" data-end=\"2566\"><p data-start=\"2482\" data-end=\"2566\">Ingres\u00e1 el correo electr\u00f3nico con el que est\u00e1s registrado y seleccion\u00e1 <strong data-start=\"2553\" data-end=\"2565\">\u201cENVIAR\u201d<\/strong>.<\/p><\/li><\/ol><p data-start=\"2568\" data-end=\"2686\">Recibir\u00e1s un correo con las instrucciones para restablecer tu contrase\u00f1a. Te recomendamos cambiarla luego de ingresar.<\/p><hr data-start=\"2688\" data-end=\"2691\" \/><p>MEDIOS DE PAGO<\/p><p data-start=\"2712\" data-end=\"2752\">Aceptamos los siguientes medios de pago:<\/p><ul data-start=\"2754\" data-end=\"2798\"><li data-start=\"2754\" data-end=\"2762\"><p data-start=\"2756\" data-end=\"2762\">VISA<\/p><\/li><li data-start=\"2763\" data-end=\"2777\"><p data-start=\"2765\" data-end=\"2777\">MasterCard<\/p><\/li><li data-start=\"2778\" data-end=\"2788\"><p data-start=\"2780\" data-end=\"2788\">Abitab<\/p><\/li><li data-start=\"2789\" data-end=\"2798\"><p data-start=\"2791\" data-end=\"2798\">eBROU<\/p><\/li><\/ul><p data-start=\"2800\" data-end=\"2848\">A trav\u00e9s de <strong data-start=\"2812\" data-end=\"2828\">Mercado Pago<\/strong>, tambi\u00e9n aceptamos:<\/p><ul data-start=\"2850\" data-end=\"2897\"><li data-start=\"2850\" data-end=\"2857\"><p data-start=\"2852\" data-end=\"2857\">OCA<\/p><\/li><li data-start=\"2858\" data-end=\"2873\"><p data-start=\"2860\" data-end=\"2873\">Diners Club<\/p><\/li><li data-start=\"2874\" data-end=\"2883\"><p data-start=\"2876\" data-end=\"2883\">L\u00edder<\/p><\/li><li data-start=\"2884\" data-end=\"2897\"><p data-start=\"2886\" data-end=\"2897\">Red Pagos<\/p><\/li><\/ul><hr data-start=\"2899\" data-end=\"2902\" \/><p>\u00bfEN QU\u00c9 MONEDA SE REALIZAN LAS OPERACIONES?<\/p><p data-start=\"2952\" data-end=\"3037\">Todas las operaciones realizadas en Uruguay se procesan en <strong data-start=\"3011\" data-end=\"3036\">pesos uruguayos (UYU)<\/strong>.<\/p><hr data-start=\"3039\" data-end=\"3042\" \/><p>\u00bfPOR QU\u00c9 PUEDE SER RECHAZADA MI TARJETA?<\/p><p data-start=\"3089\" data-end=\"3142\">Antes de contactar a tu banco, verific\u00e1 lo siguiente:<\/p><ul data-start=\"3144\" data-end=\"3330\"><li data-start=\"3144\" data-end=\"3177\"><p data-start=\"3146\" data-end=\"3177\">La tarjeta puede estar vencida.<\/p><\/li><li data-start=\"3178\" data-end=\"3225\"><p data-start=\"3180\" data-end=\"3225\">Puede haberse alcanzado el l\u00edmite disponible.<\/p><\/li><li data-start=\"3226\" data-end=\"3270\"><p data-start=\"3228\" data-end=\"3270\">Alg\u00fan dato ingresado puede ser incorrecto.<\/p><\/li><li data-start=\"3271\" data-end=\"3330\"><p data-start=\"3273\" data-end=\"3330\">La tarjeta puede no estar habilitada para compras online.<\/p><\/li><\/ul><p data-start=\"3332\" data-end=\"3397\">Por seguridad, no compartas los datos de tu tarjeta con terceros.<\/p><hr data-start=\"3399\" data-end=\"3402\" \/><p>\u00bfES SEGURO COMPRAR EN EL SITIO?<\/p><p data-start=\"3440\" data-end=\"3591\">S\u00ed. Todas las operaciones se realizan mediante plataformas de pago seguras y con datos encriptados, garantizando la confidencialidad de la informaci\u00f3n.<\/p><hr data-start=\"3593\" data-end=\"3596\" \/><p>FACTURACI\u00d3N \u2013 BOLETA CON RUT<\/p><p data-start=\"3631\" data-end=\"3763\">Si necesit\u00e1s boleta con RUT, deber\u00e1s seleccionarlo durante el proceso de compra.<br data-start=\"3711\" data-end=\"3714\" \/>Una vez emitida la factura, no podr\u00e1 modificarse.<\/p><hr data-start=\"3765\" data-end=\"3768\" \/><p>DATOS DE CONTACTO<\/p><p data-start=\"3797\" data-end=\"3889\"><strong data-start=\"3797\" data-end=\"3820\">ReMap KabezasHuecas<\/strong><br data-start=\"3820\" data-end=\"3823\" \/>Ubicaci\u00f3n<br data-start=\"3860\" data-end=\"3863\" \/>WhatsApp: 097 816 899<\/p><p data-start=\"3891\" data-end=\"3927\"><strong data-start=\"3891\" data-end=\"3916\">\u00daltima actualizaci\u00f3n:<\/strong> Febrero 2026<\/p>\t\t\t\t\t\t\t\t<\/div>\n\t\t\t\t<\/div>\n\t\t\t\t<\/div>\n\t\t\t\t\t<\/div>\n\t\t\t\t<\/div>\n\t\t\t\t<\/div>","protected":false},"excerpt":{"rendered":"<p>Como comprar PROCESO DE COMPRA DE PRODUCTOS Comprar productos en ReMap KabezasHuecas es simple y r\u00e1pido. Segu\u00ed estos pasos: Eleg\u00ed [&hellip;]<\/p>\n","protected":false},"author":1,"featured_media":0,"parent":0,"menu_order":0,"comment_status":"closed","ping_status":"closed","template":"","meta":{"site-sidebar-layout":"no-sidebar","site-content-layout":"","ast-site-content-layout":"full-width-container","site-content-style":"default","site-sidebar-style":"default","ast-global-header-display":"","ast-banner-title-visibility":"","ast-main-header-display":"","ast-hfb-above-header-display":"","ast-hfb-below-header-display":"","ast-hfb-mobile-header-display":"","site-post-title":"disabled","ast-breadcrumbs-content":"","ast-featured-img":"disabled","footer-sml-layout":"","ast-disable-related-posts":"","theme-transparent-header-meta":"","adv-header-id-meta":"","stick-header-meta":"","header-above-stick-meta":"","header-main-stick-meta":"","header-below-stick-meta":"","astra-migrate-meta-layouts":"default","ast-page-background-enabled":"default","ast-page-background-meta":{"desktop":{"background-color":"var(--ast-global-color-5)","background-image":"","background-repeat":"repeat","background-position":"center center","background-size":"auto","background-attachment":"scroll","background-type":"","background-media":"","overlay-type":"","overlay-color":"","overlay-opacity":"","overlay-gradient":""},"tablet":{"background-color":"","background-image":"","background-repeat":"repeat","background-position":"center center","background-size":"auto","background-attachment":"scroll","background-type":"","background-media":"","overlay-type":"","overlay-color":"","overlay-opacity":"","overlay-gradient":""},"mobile":{"background-color":"","background-image":"","background-repeat":"repeat","background-position":"center center","background-size":"auto","background-attachment":"scroll","background-type":"","background-media":"","overlay-type":"","overlay-color":"","overlay-opacity":"","overlay-gradient":""}},"ast-content-background-meta":{"desktop":{"background-color":"var(--ast-global-color-4)","background-image":"","background-repeat":"repeat","background-position":"center center","background-size":"auto","background-attachment":"scroll","background-type":"","background-media":"","overlay-type":"","overlay-color":"","overlay-opacity":"","overlay-gradient":""},"tablet":{"background-color":"var(--ast-global-color-4)","background-image":"","background-repeat":"repeat","background-position":"center center","background-size":"auto","background-attachment":"scroll","background-type":"","background-media":"","overlay-type":"","overlay-color":"","overlay-opacity":"","overlay-gradient":""},"mobile":{"background-color":"var(--ast-global-color-4)","background-image":"","background-repeat":"repeat","background-position":"center center","background-size":"auto","background-attachment":"scroll","background-type":"","background-media":"","overlay-type":"","overlay-color":"","overlay-opacity":"","overlay-gradient":""}},"footnotes":""},"class_list":["post-679","page","type-page","status-publish","hentry"],"yoast_head":"<!-- This site is optimized with the Yoast SEO plugin v27.4 - https:\/\/yoast.com\/product\/yoast-seo-wordpress\/ -->\n<title>Como comprar - ReMap KabezasHuecas<\/title>\n<meta name=\"robots\" content=\"index, follow, max-snippet:-1, max-image-preview:large, max-video-preview:-1\" \/>\n<link rel=\"canonical\" href=\"https:\/\/kabezashuecas.com\/pt\/como-comprar\/\" \/>\n<meta property=\"og:locale\" content=\"pt_BR\" \/>\n<meta property=\"og:type\" content=\"article\" \/>\n<meta property=\"og:title\" content=\"Como comprar - ReMap KabezasHuecas\" \/>\n<meta property=\"og:description\" content=\"Como comprar PROCESO DE COMPRA DE PRODUCTOS Comprar productos en ReMap KabezasHuecas es simple y r\u00e1pido. Segu\u00ed estos pasos: Eleg\u00ed [&hellip;]\" \/>\n<meta property=\"og:url\" content=\"https:\/\/kabezashuecas.com\/pt\/como-comprar\/\" \/>\n<meta property=\"og:site_name\" content=\"ReMap KabezasHuecas\" \/>\n<meta property=\"article:publisher\" content=\"https:\/\/www.facebook.com\/profile.php?id=61579622331817\" \/>\n<meta property=\"article:modified_time\" content=\"2026-02-03T15:48:06+00:00\" \/>\n<meta property=\"og:image\" content=\"https:\/\/kabezashuecas.com\/wp-content\/uploads\/2026\/02\/optimizacion-de-motor.png\" \/>\n\t<meta property=\"og:image:width\" content=\"1536\" \/>\n\t<meta property=\"og:image:height\" content=\"1024\" \/>\n\t<meta property=\"og:image:type\" content=\"image\/png\" \/>\n<meta name=\"twitter:card\" content=\"summary_large_image\" \/>\n<meta name=\"twitter:label1\" content=\"Est. tempo de leitura\" \/>\n\t<meta name=\"twitter:data1\" content=\"3 minutos\" \/>\n<script type=\"application\/ld+json\" class=\"yoast-schema-graph\">{\"@context\":\"https:\\\/\\\/schema.org\",\"@graph\":[{\"@type\":\"WebPage\",\"@id\":\"https:\\\/\\\/kabezashuecas.com\\\/como-comprar\\\/\",\"url\":\"https:\\\/\\\/kabezashuecas.com\\\/como-comprar\\\/\",\"name\":\"Como comprar - ReMap KabezasHuecas\",\"isPartOf\":{\"@id\":\"https:\\\/\\\/kabezashuecas.com\\\/#website\"},\"datePublished\":\"2025-06-20T03:44:50+00:00\",\"dateModified\":\"2026-02-03T15:48:06+00:00\",\"breadcrumb\":{\"@id\":\"https:\\\/\\\/kabezashuecas.com\\\/como-comprar\\\/#breadcrumb\"},\"inLanguage\":\"pt-BR\",\"potentialAction\":[{\"@type\":\"ReadAction\",\"target\":[\"https:\\\/\\\/kabezashuecas.com\\\/como-comprar\\\/\"]}]},{\"@type\":\"BreadcrumbList\",\"@id\":\"https:\\\/\\\/kabezashuecas.com\\\/como-comprar\\\/#breadcrumb\",\"itemListElement\":[{\"@type\":\"ListItem\",\"position\":1,\"name\":\"Portada\",\"item\":\"https:\\\/\\\/kabezashuecas.com\\\/\"},{\"@type\":\"ListItem\",\"position\":2,\"name\":\"Como comprar\"}]},{\"@type\":\"WebSite\",\"@id\":\"https:\\\/\\\/kabezashuecas.com\\\/#website\",\"url\":\"https:\\\/\\\/kabezashuecas.com\\\/\",\"name\":\"ReMap KabezasHuecas\",\"description\":\"Reprogramaci\u00f3n de ECU. Soluciones electr\u00f3nicas para veh\u00edculos, compatibles con autos y motos.\",\"publisher\":{\"@id\":\"https:\\\/\\\/kabezashuecas.com\\\/#organization\"},\"alternateName\":\"ReMap KabezasHuecas\",\"potentialAction\":[{\"@type\":\"SearchAction\",\"target\":{\"@type\":\"EntryPoint\",\"urlTemplate\":\"https:\\\/\\\/kabezashuecas.com\\\/?s={search_term_string}\"},\"query-input\":{\"@type\":\"PropertyValueSpecification\",\"valueRequired\":true,\"valueName\":\"search_term_string\"}}],\"inLanguage\":\"pt-BR\"},{\"@type\":\"Organization\",\"@id\":\"https:\\\/\\\/kabezashuecas.com\\\/#organization\",\"name\":\"ReMap KabezasHuecas\",\"alternateName\":\"ReMap KabezasHuecas\",\"url\":\"https:\\\/\\\/kabezashuecas.com\\\/\",\"logo\":{\"@type\":\"ImageObject\",\"inLanguage\":\"pt-BR\",\"@id\":\"https:\\\/\\\/kabezashuecas.com\\\/#\\\/schema\\\/logo\\\/image\\\/\",\"url\":\"https:\\\/\\\/kabezashuecas.com\\\/wp-content\\\/uploads\\\/2025\\\/06\\\/web-logo-claro.png\",\"contentUrl\":\"https:\\\/\\\/kabezashuecas.com\\\/wp-content\\\/uploads\\\/2025\\\/06\\\/web-logo-claro.png\",\"width\":2459,\"height\":1717,\"caption\":\"ReMap KabezasHuecas\"},\"image\":{\"@id\":\"https:\\\/\\\/kabezashuecas.com\\\/#\\\/schema\\\/logo\\\/image\\\/\"},\"sameAs\":[\"https:\\\/\\\/www.facebook.com\\\/profile.php?id=61579622331817\",\"https:\\\/\\\/www.instagram.com\\\/tallerkabezashuecas\\\/\"]}]}<\/script>\n<!-- \/ Yoast SEO plugin. -->","yoast_head_json":{"title":"Como comprar - ReMap KabezasHuecas","robots":{"index":"index","follow":"follow","max-snippet":"max-snippet:-1","max-image-preview":"max-image-preview:large","max-video-preview":"max-video-preview:-1"},"canonical":"https:\/\/kabezashuecas.com\/pt\/como-comprar\/","og_locale":"pt_BR","og_type":"article","og_title":"Como comprar - ReMap KabezasHuecas","og_description":"Como comprar PROCESO DE COMPRA DE PRODUCTOS Comprar productos en ReMap KabezasHuecas es simple y r\u00e1pido. Segu\u00ed estos pasos: Eleg\u00ed [&hellip;]","og_url":"https:\/\/kabezashuecas.com\/pt\/como-comprar\/","og_site_name":"ReMap KabezasHuecas","article_publisher":"https:\/\/www.facebook.com\/profile.php?id=61579622331817","article_modified_time":"2026-02-03T15:48:06+00:00","og_image":[{"width":1536,"height":1024,"url":"https:\/\/kabezashuecas.com\/wp-content\/uploads\/2026\/02\/optimizacion-de-motor.png","type":"image\/png"}],"twitter_card":"summary_large_image","twitter_misc":{"Est. tempo de leitura":"3 minutos"},"schema":{"@context":"https:\/\/schema.org","@graph":[{"@type":"WebPage","@id":"https:\/\/kabezashuecas.com\/como-comprar\/","url":"https:\/\/kabezashuecas.com\/como-comprar\/","name":"Como comprar - ReMap KabezasHuecas","isPartOf":{"@id":"https:\/\/kabezashuecas.com\/#website"},"datePublished":"2025-06-20T03:44:50+00:00","dateModified":"2026-02-03T15:48:06+00:00","breadcrumb":{"@id":"https:\/\/kabezashuecas.com\/como-comprar\/#breadcrumb"},"inLanguage":"pt-BR","potentialAction":[{"@type":"ReadAction","target":["https:\/\/kabezashuecas.com\/como-comprar\/"]}]},{"@type":"BreadcrumbList","@id":"https:\/\/kabezashuecas.com\/como-comprar\/#breadcrumb","itemListElement":[{"@type":"ListItem","position":1,"name":"Portada","item":"https:\/\/kabezashuecas.com\/"},{"@type":"ListItem","position":2,"name":"Como comprar"}]},{"@type":"WebSite","@id":"https:\/\/kabezashuecas.com\/#website","url":"https:\/\/kabezashuecas.com\/","name":"ReMap KabezasHuecas","description":"Reprogramaci\u00f3n de ECU. Soluciones electr\u00f3nicas para veh\u00edculos, compatibles con autos y motos.","publisher":{"@id":"https:\/\/kabezashuecas.com\/#organization"},"alternateName":"ReMap KabezasHuecas","potentialAction":[{"@type":"SearchAction","target":{"@type":"EntryPoint","urlTemplate":"https:\/\/kabezashuecas.com\/?s={search_term_string}"},"query-input":{"@type":"PropertyValueSpecification","valueRequired":true,"valueName":"search_term_string"}}],"inLanguage":"pt-BR"},{"@type":"Organization","@id":"https:\/\/kabezashuecas.com\/#organization","name":"ReMap KabezasHuecas","alternateName":"ReMap KabezasHuecas","url":"https:\/\/kabezashuecas.com\/","logo":{"@type":"ImageObject","inLanguage":"pt-BR","@id":"https:\/\/kabezashuecas.com\/#\/schema\/logo\/image\/","url":"https:\/\/kabezashuecas.com\/wp-content\/uploads\/2025\/06\/web-logo-claro.png","contentUrl":"https:\/\/kabezashuecas.com\/wp-content\/uploads\/2025\/06\/web-logo-claro.png","width":2459,"height":1717,"caption":"ReMap KabezasHuecas"},"image":{"@id":"https:\/\/kabezashuecas.com\/#\/schema\/logo\/image\/"},"sameAs":["https:\/\/www.facebook.com\/profile.php?id=61579622331817","https:\/\/www.instagram.com\/tallerkabezashuecas\/"]}]}},"_links":{"self":[{"href":"https:\/\/kabezashuecas.com\/pt\/wp-json\/wp\/v2\/pages\/679","targetHints":{"allow":["GET"]}}],"collection":[{"href":"https:\/\/kabezashuecas.com\/pt\/wp-json\/wp\/v2\/pages"}],"about":[{"href":"https:\/\/kabezashuecas.com\/pt\/wp-json\/wp\/v2\/types\/page"}],"author":[{"embeddable":true,"href":"https:\/\/kabezashuecas.com\/pt\/wp-json\/wp\/v2\/users\/1"}],"replies":[{"embeddable":true,"href":"https:\/\/kabezashuecas.com\/pt\/wp-json\/wp\/v2\/comments?post=679"}],"version-history":[{"count":24,"href":"https:\/\/kabezashuecas.com\/pt\/wp-json\/wp\/v2\/pages\/679\/revisions"}],"predecessor-version":[{"id":2575,"href":"https:\/\/kabezashuecas.com\/pt\/wp-json\/wp\/v2\/pages\/679\/revisions\/2575"}],"wp:attachment":[{"href":"https:\/\/kabezashuecas.com\/pt\/wp-json\/wp\/v2\/media?parent=679"}],"curies":[{"name":"wp","href":"https:\/\/api.w.org\/{rel}","templated":true}]}}