{"id":539,"date":"2025-06-19T04:54:51","date_gmt":"2025-06-19T04:54:51","guid":{"rendered":"https:\/\/kabezashuecas.com\/register\/"},"modified":"2025-06-23T01:37:51","modified_gmt":"2025-06-23T04:37:51","slug":"registro","status":"publish","type":"page","link":"https:\/\/kabezashuecas.com\/pt\/registro\/","title":{"rendered":"Registro"},"content":{"rendered":"<div data-elementor-type=\"wp-page\" data-elementor-id=\"539\" class=\"elementor elementor-539\" data-elementor-post-type=\"page\">\n\t\t\t\t<div class=\"elementor-element elementor-element-78b70f84 e-con-full e-flex e-con e-parent\" data-id=\"78b70f84\" data-element_type=\"container\" data-e-type=\"container\">\n\t\t\t\t<div class=\"elementor-element elementor-element-e49dd7b elementor-widget elementor-widget-spacer\" data-id=\"e49dd7b\" data-element_type=\"widget\" data-e-type=\"widget\" data-widget_type=\"spacer.default\">\n\t\t\t\t<div class=\"elementor-widget-container\">\n\t\t\t\t\t\t\t<div class=\"elementor-spacer\">\n\t\t\t<div class=\"elementor-spacer-inner\"><\/div>\n\t\t<\/div>\n\t\t\t\t\t\t<\/div>\n\t\t\t\t<\/div>\n\t\t\t\t<div class=\"elementor-element elementor-element-df2c121 elementor-widget elementor-widget-heading\" data-id=\"df2c121\" data-element_type=\"widget\" data-e-type=\"widget\" data-widget_type=\"heading.default\">\n\t\t\t\t<div class=\"elementor-widget-container\">\n\t\t\t\t\t<h2 class=\"elementor-heading-title elementor-size-default\">Registro<\/h2>\t\t\t\t<\/div>\n\t\t\t\t<\/div>\n\t\t\t\t<div class=\"elementor-element elementor-element-419d2b28 elementor-widget elementor-widget-shortcode\" data-id=\"419d2b28\" data-element_type=\"widget\" data-e-type=\"widget\" data-widget_type=\"shortcode.default\">\n\t\t\t\t<div class=\"elementor-widget-container\">\n\t\t\t\t\t\t\t<div class=\"elementor-shortcode\">\n<div class=\"um um-register um-527\">\n\t<div class=\"um-form\" data-mode=\"register\">\n\t\t<form method=\"post\" action=\"\" data-trp-original-action=\"\">\n\t\t\t<div class=\"um-row _um_row_1\" style=\"margin: 0 0 30px 0;\"><div class=\"um-col-1\"><div  id=\"um_field_527_user_login\" class=\"um-field um-field-text  um-field-user_login um-field-text um-field-type_text\" data-key=\"user_login\"><div class=\"um-field-label\"><label for=\"user_login-527\">Nombre de usuario<\/label><div class=\"um-clear\"><\/div><\/div><div class=\"um-field-area\"><input  autocomplete=\"off\" class=\"um-form-field valid\" type=\"text\" name=\"user_login-527\" id=\"user_login-527\" value=\"\" placeholder=\"\" data-validate=\"unique_username\" data-key=\"user_login\"  aria-invalid=\"false\" \/>\n\n\t\t\t\t\t\t<\/div><\/div><div  id=\"um_field_527_user_email\" class=\"um-field um-field-text  um-field-user_email um-field-text um-field-type_text\" data-key=\"user_email\"><div class=\"um-field-label\"><label for=\"user_email-527\">Direcci\u00f3n de correo electr\u00f3nico<\/label><div class=\"um-clear\"><\/div><\/div><div class=\"um-field-area\"><input  autocomplete=\"off\" class=\"um-form-field valid not-required\" type=\"text\" name=\"user_email-527\" id=\"user_email-527\" value=\"\" placeholder=\"\" data-validate=\"unique_email\" data-key=\"user_email\"  aria-invalid=\"false\" \/>\n\n\t\t\t\t\t\t<\/div><\/div><div  id=\"um_field_527_user_password\" class=\"um-field um-field-password  um-field-user_password um-field-password um-field-type_password\" data-key=\"user_password\"><div class=\"um-field-label\"><label for=\"user_password-527\">Contrase\u00f1a<\/label><div class=\"um-clear\"><\/div><\/div><div class=\"um-field-area\"><div class=\"um-field-area-password\">\n\t\t\t\t\t\t\t\t\t<input class=\"um-form-field valid\" type=\"password\" name=\"user_password-527\" id=\"user_password-527\" value=\"\" placeholder=\"\" data-validate=\"\" data-key=\"user_password\"  aria-invalid=\"false\" \/>\n\t\t\t\t\t\t\t\t\t<span class=\"um-toggle-password\"><i class=\"um-icon-eye\"><\/i><\/span>\n\t\t\t\t\t\t\t\t<\/div>\n\t\t\t\t\t\t\t<\/div><\/div><div  id=\"um_field_527_confirm_user_password\" class=\"um-field um-field-password  um-field-user_password um-field-password um-field-type_password\" data-key=\"confirm_user_password\"><div class=\"um-field-label\"><label for=\"confirm_user_password-527\">Confirm Contrase\u00f1a<\/label><div class=\"um-clear\"><\/div><\/div><div class=\"um-field-area\"><div class=\"um-field-area-password\"><input class=\"um-form-field valid\" type=\"password\" name=\"confirm_user_password-527\" id=\"confirm_user_password-527\" value=\"\" placeholder=\"Confirm Contrase\u00f1a\" data-validate=\"\" data-key=\"confirm_user_password\"  aria-invalid=\"false\" \/><span class=\"um-toggle-password\"><i class=\"um-icon-eye\"><\/i><\/span><\/div><\/div><\/div><\/div><\/div>\t<input type=\"hidden\" name=\"form_id\" id=\"form_id_527\" value=\"527\" \/>\n\t\t<p class=\"um_request_name\">\n\t\t<label for=\"um_request_527\">Only fill in if you are not human<\/label>\n\t\t<input type=\"hidden\" name=\"um_request\" id=\"um_request_527\" class=\"input\" value=\"\" size=\"25\" autocomplete=\"off\" \/>\n\t<\/p>\n\t<input type=\"hidden\" id=\"_wpnonce\" name=\"_wpnonce\" value=\"da2639054e\" \/><input type=\"hidden\" name=\"_wp_http_referer\" value=\"\/pt\/wp-json\/wp\/v2\/pages\/539\" \/>\n\t<div class=\"um-col-alt\">\n\n\t\t\n\t\t\t<div class=\"um-left um-half\">\n\t\t\t\t<input type=\"submit\" value=\"Registrarse\" class=\"um-button\" id=\"um-submit-btn\" \/>\n\t\t\t<\/div>\n\t\t\t<div class=\"um-right um-half\">\n\t\t\t\t<a href=\"https:\/\/kabezashuecas.com\/pt\/login\/\" class=\"um-button um-alt\">\n\t\t\t\t\tIniciar Sesi\u00f3n\t\t\t\t<\/a>\n\t\t\t<\/div>\n\n\t\t\n\t\t<div class=\"um-clear\"><\/div>\n\n\t<\/div>\n\n\t\t\t<input type=\"hidden\" name=\"trp-form-language\" value=\"pt\"\/><\/form>\n\t<\/div>\n<\/div>\n<style>\n\t\t\t.um-527.um {\n\t\t\tmax-width: 450px;\n\t\t}\n\t\t<\/style>\n<\/div>\n\t\t\t\t\t\t<\/div>\n\t\t\t\t<\/div>\n\t\t\t\t<\/div>\n\t\t\t\t<\/div>","protected":false},"excerpt":{"rendered":"<p>Registro<\/p>","protected":false},"author":1,"featured_media":0,"parent":0,"menu_order":0,"comment_status":"closed","ping_status":"closed","template":"","meta":{"site-sidebar-layout":"default","site-content-layout":"","ast-site-content-layout":"default","site-content-style":"default","site-sidebar-style":"default","ast-global-header-display":"","ast-banner-title-visibility":"","ast-main-header-display":"","ast-hfb-above-header-display":"","ast-hfb-below-header-display":"","ast-hfb-mobile-header-display":"","site-post-title":"","ast-breadcrumbs-content":"","ast-featured-img":"","footer-sml-layout":"","ast-disable-related-posts":"","theme-transparent-header-meta":"","adv-header-id-meta":"","stick-header-meta":"","header-above-stick-meta":"","header-main-stick-meta":"","header-below-stick-meta":"","astra-migrate-meta-layouts":"default","ast-page-background-enabled":"default","ast-page-background-meta":{"desktop":{"background-color":"var(--ast-global-color-5)","background-image":"","background-repeat":"repeat","background-position":"center center","background-size":"auto","background-attachment":"scroll","background-type":"","background-media":"","overlay-type":"","overlay-color":"","overlay-opacity":"","overlay-gradient":""},"tablet":{"background-color":"","background-image":"","background-repeat":"repeat","background-position":"center center","background-size":"auto","background-attachment":"scroll","background-type":"","background-media":"","overlay-type":"","overlay-color":"","overlay-opacity":"","overlay-gradient":""},"mobile":{"background-color":"","background-image":"","background-repeat":"repeat","background-position":"center center","background-size":"auto","background-attachment":"scroll","background-type":"","background-media":"","overlay-type":"","overlay-color":"","overlay-opacity":"","overlay-gradient":""}},"ast-content-background-meta":{"desktop":{"background-color":"var(--ast-global-color-4)","background-image":"","background-repeat":"repeat","background-position":"center center","background-size":"auto","background-attachment":"scroll","background-type":"","background-media":"","overlay-type":"","overlay-color":"","overlay-opacity":"","overlay-gradient":""},"tablet":{"background-color":"var(--ast-global-color-4)","background-image":"","background-repeat":"repeat","background-position":"center center","background-size":"auto","background-attachment":"scroll","background-type":"","background-media":"","overlay-type":"","overlay-color":"","overlay-opacity":"","overlay-gradient":""},"mobile":{"background-color":"var(--ast-global-color-4)","background-image":"","background-repeat":"repeat","background-position":"center center","background-size":"auto","background-attachment":"scroll","background-type":"","background-media":"","overlay-type":"","overlay-color":"","overlay-opacity":"","overlay-gradient":""}},"footnotes":""},"class_list":["post-539","page","type-page","status-publish","hentry"],"yoast_head":"<!-- This site is optimized with the Yoast SEO plugin v27.4 - https:\/\/yoast.com\/product\/yoast-seo-wordpress\/ -->\n<title>Registro - ReMap KabezasHuecas<\/title>\n<meta name=\"robots\" content=\"index, follow, max-snippet:-1, max-image-preview:large, max-video-preview:-1\" \/>\n<link rel=\"canonical\" href=\"https:\/\/kabezashuecas.com\/pt\/registro\/\" \/>\n<meta property=\"og:locale\" content=\"pt_BR\" \/>\n<meta property=\"og:type\" content=\"article\" \/>\n<meta property=\"og:title\" content=\"Registro - ReMap KabezasHuecas\" \/>\n<meta property=\"og:description\" content=\"Registro\" \/>\n<meta property=\"og:url\" content=\"https:\/\/kabezashuecas.com\/pt\/registro\/\" \/>\n<meta property=\"og:site_name\" content=\"ReMap KabezasHuecas\" \/>\n<meta property=\"article:publisher\" content=\"https:\/\/www.facebook.com\/profile.php?id=61579622331817\" \/>\n<meta property=\"article:modified_time\" content=\"2025-06-23T04:37:51+00:00\" \/>\n<meta property=\"og:image\" content=\"https:\/\/kabezashuecas.com\/wp-content\/uploads\/2026\/02\/optimizacion-de-motor.png\" \/>\n\t<meta property=\"og:image:width\" content=\"1536\" \/>\n\t<meta property=\"og:image:height\" content=\"1024\" \/>\n\t<meta property=\"og:image:type\" content=\"image\/png\" \/>\n<meta name=\"twitter:card\" content=\"summary_large_image\" \/>\n<script type=\"application\/ld+json\" class=\"yoast-schema-graph\">{\"@context\":\"https:\\\/\\\/schema.org\",\"@graph\":[{\"@type\":\"WebPage\",\"@id\":\"https:\\\/\\\/kabezashuecas.com\\\/registro\\\/\",\"url\":\"https:\\\/\\\/kabezashuecas.com\\\/registro\\\/\",\"name\":\"Registro - ReMap KabezasHuecas\",\"isPartOf\":{\"@id\":\"https:\\\/\\\/kabezashuecas.com\\\/#website\"},\"datePublished\":\"2025-06-19T04:54:51+00:00\",\"dateModified\":\"2025-06-23T04:37:51+00:00\",\"breadcrumb\":{\"@id\":\"https:\\\/\\\/kabezashuecas.com\\\/registro\\\/#breadcrumb\"},\"inLanguage\":\"pt-BR\",\"potentialAction\":[{\"@type\":\"ReadAction\",\"target\":[\"https:\\\/\\\/kabezashuecas.com\\\/registro\\\/\"]}]},{\"@type\":\"BreadcrumbList\",\"@id\":\"https:\\\/\\\/kabezashuecas.com\\\/registro\\\/#breadcrumb\",\"itemListElement\":[{\"@type\":\"ListItem\",\"position\":1,\"name\":\"Portada\",\"item\":\"https:\\\/\\\/kabezashuecas.com\\\/\"},{\"@type\":\"ListItem\",\"position\":2,\"name\":\"Registro\"}]},{\"@type\":\"WebSite\",\"@id\":\"https:\\\/\\\/kabezashuecas.com\\\/#website\",\"url\":\"https:\\\/\\\/kabezashuecas.com\\\/\",\"name\":\"ReMap KabezasHuecas\",\"description\":\"Reprogramaci\u00f3n de ECU. Soluciones electr\u00f3nicas para veh\u00edculos, compatibles con autos y motos.\",\"publisher\":{\"@id\":\"https:\\\/\\\/kabezashuecas.com\\\/#organization\"},\"alternateName\":\"ReMap KabezasHuecas\",\"potentialAction\":[{\"@type\":\"SearchAction\",\"target\":{\"@type\":\"EntryPoint\",\"urlTemplate\":\"https:\\\/\\\/kabezashuecas.com\\\/?s={search_term_string}\"},\"query-input\":{\"@type\":\"PropertyValueSpecification\",\"valueRequired\":true,\"valueName\":\"search_term_string\"}}],\"inLanguage\":\"pt-BR\"},{\"@type\":\"Organization\",\"@id\":\"https:\\\/\\\/kabezashuecas.com\\\/#organization\",\"name\":\"ReMap KabezasHuecas\",\"alternateName\":\"ReMap KabezasHuecas\",\"url\":\"https:\\\/\\\/kabezashuecas.com\\\/\",\"logo\":{\"@type\":\"ImageObject\",\"inLanguage\":\"pt-BR\",\"@id\":\"https:\\\/\\\/kabezashuecas.com\\\/#\\\/schema\\\/logo\\\/image\\\/\",\"url\":\"https:\\\/\\\/kabezashuecas.com\\\/wp-content\\\/uploads\\\/2025\\\/06\\\/web-logo-claro.png\",\"contentUrl\":\"https:\\\/\\\/kabezashuecas.com\\\/wp-content\\\/uploads\\\/2025\\\/06\\\/web-logo-claro.png\",\"width\":2459,\"height\":1717,\"caption\":\"ReMap KabezasHuecas\"},\"image\":{\"@id\":\"https:\\\/\\\/kabezashuecas.com\\\/#\\\/schema\\\/logo\\\/image\\\/\"},\"sameAs\":[\"https:\\\/\\\/www.facebook.com\\\/profile.php?id=61579622331817\",\"https:\\\/\\\/www.instagram.com\\\/tallerkabezashuecas\\\/\"]}]}<\/script>\n<!-- \/ Yoast SEO plugin. -->","yoast_head_json":{"title":"Registro - ReMap KabezasHuecas","robots":{"index":"index","follow":"follow","max-snippet":"max-snippet:-1","max-image-preview":"max-image-preview:large","max-video-preview":"max-video-preview:-1"},"canonical":"https:\/\/kabezashuecas.com\/pt\/registro\/","og_locale":"pt_BR","og_type":"article","og_title":"Registro - ReMap KabezasHuecas","og_description":"Registro","og_url":"https:\/\/kabezashuecas.com\/pt\/registro\/","og_site_name":"ReMap KabezasHuecas","article_publisher":"https:\/\/www.facebook.com\/profile.php?id=61579622331817","article_modified_time":"2025-06-23T04:37:51+00:00","og_image":[{"width":1536,"height":1024,"url":"https:\/\/kabezashuecas.com\/wp-content\/uploads\/2026\/02\/optimizacion-de-motor.png","type":"image\/png"}],"twitter_card":"summary_large_image","schema":{"@context":"https:\/\/schema.org","@graph":[{"@type":"WebPage","@id":"https:\/\/kabezashuecas.com\/registro\/","url":"https:\/\/kabezashuecas.com\/registro\/","name":"Registro - ReMap KabezasHuecas","isPartOf":{"@id":"https:\/\/kabezashuecas.com\/#website"},"datePublished":"2025-06-19T04:54:51+00:00","dateModified":"2025-06-23T04:37:51+00:00","breadcrumb":{"@id":"https:\/\/kabezashuecas.com\/registro\/#breadcrumb"},"inLanguage":"pt-BR","potentialAction":[{"@type":"ReadAction","target":["https:\/\/kabezashuecas.com\/registro\/"]}]},{"@type":"BreadcrumbList","@id":"https:\/\/kabezashuecas.com\/registro\/#breadcrumb","itemListElement":[{"@type":"ListItem","position":1,"name":"Portada","item":"https:\/\/kabezashuecas.com\/"},{"@type":"ListItem","position":2,"name":"Registro"}]},{"@type":"WebSite","@id":"https:\/\/kabezashuecas.com\/#website","url":"https:\/\/kabezashuecas.com\/","name":"ReMap KabezasHuecas","description":"Reprogramaci\u00f3n de ECU. Soluciones electr\u00f3nicas para veh\u00edculos, compatibles con autos y motos.","publisher":{"@id":"https:\/\/kabezashuecas.com\/#organization"},"alternateName":"ReMap KabezasHuecas","potentialAction":[{"@type":"SearchAction","target":{"@type":"EntryPoint","urlTemplate":"https:\/\/kabezashuecas.com\/?s={search_term_string}"},"query-input":{"@type":"PropertyValueSpecification","valueRequired":true,"valueName":"search_term_string"}}],"inLanguage":"pt-BR"},{"@type":"Organization","@id":"https:\/\/kabezashuecas.com\/#organization","name":"ReMap KabezasHuecas","alternateName":"ReMap KabezasHuecas","url":"https:\/\/kabezashuecas.com\/","logo":{"@type":"ImageObject","inLanguage":"pt-BR","@id":"https:\/\/kabezashuecas.com\/#\/schema\/logo\/image\/","url":"https:\/\/kabezashuecas.com\/wp-content\/uploads\/2025\/06\/web-logo-claro.png","contentUrl":"https:\/\/kabezashuecas.com\/wp-content\/uploads\/2025\/06\/web-logo-claro.png","width":2459,"height":1717,"caption":"ReMap KabezasHuecas"},"image":{"@id":"https:\/\/kabezashuecas.com\/#\/schema\/logo\/image\/"},"sameAs":["https:\/\/www.facebook.com\/profile.php?id=61579622331817","https:\/\/www.instagram.com\/tallerkabezashuecas\/"]}]}},"_links":{"self":[{"href":"https:\/\/kabezashuecas.com\/pt\/wp-json\/wp\/v2\/pages\/539","targetHints":{"allow":["GET"]}}],"collection":[{"href":"https:\/\/kabezashuecas.com\/pt\/wp-json\/wp\/v2\/pages"}],"about":[{"href":"https:\/\/kabezashuecas.com\/pt\/wp-json\/wp\/v2\/types\/page"}],"author":[{"embeddable":true,"href":"https:\/\/kabezashuecas.com\/pt\/wp-json\/wp\/v2\/users\/1"}],"replies":[{"embeddable":true,"href":"https:\/\/kabezashuecas.com\/pt\/wp-json\/wp\/v2\/comments?post=539"}],"version-history":[{"count":0,"href":"https:\/\/kabezashuecas.com\/pt\/wp-json\/wp\/v2\/pages\/539\/revisions"}],"wp:attachment":[{"href":"https:\/\/kabezashuecas.com\/pt\/wp-json\/wp\/v2\/media?parent=539"}],"curies":[{"name":"wp","href":"https:\/\/api.w.org\/{rel}","templated":true}]}}