{"id":2768,"date":"2026-02-26T01:06:55","date_gmt":"2026-02-26T04:06:55","guid":{"rendered":"https:\/\/kabezashuecas.com\/?page_id=2768"},"modified":"2026-02-27T12:46:26","modified_gmt":"2026-02-27T15:46:26","slug":"proyectos","status":"publish","type":"page","link":"https:\/\/kabezashuecas.com\/pt\/proyectos\/","title":{"rendered":"Proyectos"},"content":{"rendered":"<div data-elementor-type=\"wp-page\" data-elementor-id=\"2768\" class=\"elementor elementor-2768\" data-elementor-post-type=\"page\">\n\t\t\t\t<div class=\"elementor-element elementor-element-f618108 e-flex e-con-boxed e-con e-parent\" data-id=\"f618108\" data-element_type=\"container\" data-e-type=\"container\">\n\t\t\t\t\t<div class=\"e-con-inner\">\n\t\t\t\t<div class=\"elementor-element elementor-element-75b0195 elementor-widget elementor-widget-heading\" data-id=\"75b0195\" data-element_type=\"widget\" data-e-type=\"widget\" data-widget_type=\"heading.default\">\n\t\t\t\t<div class=\"elementor-widget-container\">\n\t\t\t\t\t<h2 class=\"elementor-heading-title elementor-size-default\">Nuestros Proyectos<\/h2>\t\t\t\t<\/div>\n\t\t\t\t<\/div>\n\t\t\t\t<div class=\"elementor-element elementor-element-04d4045 elementor-widget elementor-widget-heading\" data-id=\"04d4045\" data-element_type=\"widget\" data-e-type=\"widget\" data-widget_type=\"heading.default\">\n\t\t\t\t<div class=\"elementor-widget-container\">\n\t\t\t\t\t<h3 class=\"elementor-heading-title elementor-size-default\">ReMap KabezasHuecas<\/h3>\t\t\t\t<\/div>\n\t\t\t\t<\/div>\n\t\t\t\t\t<\/div>\n\t\t\t\t<\/div>\n\t\t<div class=\"elementor-element elementor-element-1359893d e-con-full e-flex e-con e-parent\" data-id=\"1359893d\" data-element_type=\"container\" data-e-type=\"container\" data-settings=\"{&quot;background_background&quot;:&quot;classic&quot;}\">\n\t\t<div class=\"elementor-element elementor-element-c4ff9b9 e-flex e-con-boxed e-con e-child\" data-id=\"c4ff9b9\" data-element_type=\"container\" data-e-type=\"container\">\n\t\t\t\t\t<div class=\"e-con-inner\">\n\t\t\t\t<div class=\"elementor-element elementor-element-4e7f5fd elementor-widget__width-inherit elementor-widget-mobile__width-inherit elementor-widget elementor-widget-video\" data-id=\"4e7f5fd\" data-element_type=\"widget\" data-e-type=\"widget\" data-settings=\"{&quot;youtube_url&quot;:&quot;https:\\\/\\\/www.youtube.com\\\/shorts\\\/xL0vGdoexfU?feature=shareHOmBV4js_E&quot;,&quot;video_type&quot;:&quot;youtube&quot;,&quot;controls&quot;:&quot;yes&quot;}\" data-widget_type=\"video.default\">\n\t\t\t\t<div class=\"elementor-widget-container\">\n\t\t\t\t\t\t\t<div class=\"elementor-wrapper elementor-open-inline\">\n\t\t\t<div class=\"elementor-video\"><\/div>\t\t<\/div>\n\t\t\t\t\t\t<\/div>\n\t\t\t\t<\/div>\n\t\t\t\t<div class=\"elementor-element elementor-element-034fe30 elementor-widget__width-inherit elementor-widget-mobile__width-inherit elementor-widget elementor-widget-video\" data-id=\"034fe30\" data-element_type=\"widget\" data-e-type=\"widget\" data-settings=\"{&quot;youtube_url&quot;:&quot;https:\\\/\\\/www.youtube.com\\\/shorts\\\/aVkUs6mD49E?feature=shareHOmBV4js_E&quot;,&quot;video_type&quot;:&quot;youtube&quot;,&quot;controls&quot;:&quot;yes&quot;}\" data-widget_type=\"video.default\">\n\t\t\t\t<div class=\"elementor-widget-container\">\n\t\t\t\t\t\t\t<div class=\"elementor-wrapper elementor-open-inline\">\n\t\t\t<div class=\"elementor-video\"><\/div>\t\t<\/div>\n\t\t\t\t\t\t<\/div>\n\t\t\t\t<\/div>\n\t\t\t\t<div class=\"elementor-element elementor-element-8294c25 elementor-widget__width-inherit elementor-widget-mobile__width-inherit elementor-widget elementor-widget-video\" data-id=\"8294c25\" data-element_type=\"widget\" data-e-type=\"widget\" data-settings=\"{&quot;youtube_url&quot;:&quot;https:\\\/\\\/youtube.com\\\/shorts\\\/zlNZFlDHpNM?si=YANgSTOinFty5UsH&quot;,&quot;video_type&quot;:&quot;youtube&quot;,&quot;controls&quot;:&quot;yes&quot;}\" data-widget_type=\"video.default\">\n\t\t\t\t<div class=\"elementor-widget-container\">\n\t\t\t\t\t\t\t<div class=\"elementor-wrapper elementor-open-inline\">\n\t\t\t<div class=\"elementor-video\"><\/div>\t\t<\/div>\n\t\t\t\t\t\t<\/div>\n\t\t\t\t<\/div>\n\t\t\t\t<div class=\"elementor-element elementor-element-26956e8 elementor-widget__width-inherit elementor-widget-mobile__width-inherit elementor-widget elementor-widget-video\" data-id=\"26956e8\" data-element_type=\"widget\" data-e-type=\"widget\" data-settings=\"{&quot;youtube_url&quot;:&quot;https:\\\/\\\/www.youtube.com\\\/watch?v=XHOmBV4js_E&quot;,&quot;video_type&quot;:&quot;youtube&quot;,&quot;controls&quot;:&quot;yes&quot;}\" data-widget_type=\"video.default\">\n\t\t\t\t<div class=\"elementor-widget-container\">\n\t\t\t\t\t\t\t<div class=\"elementor-wrapper elementor-open-inline\">\n\t\t\t<div class=\"elementor-video\"><\/div>\t\t<\/div>\n\t\t\t\t\t\t<\/div>\n\t\t\t\t<\/div>\n\t\t\t\t<div class=\"elementor-element elementor-element-e2b8bb0 elementor-widget__width-inherit elementor-widget-mobile__width-inherit elementor-widget elementor-widget-video\" data-id=\"e2b8bb0\" data-element_type=\"widget\" data-e-type=\"widget\" data-settings=\"{&quot;youtube_url&quot;:&quot;https:\\\/\\\/www.youtube.com\\\/watch?v=XHOmBV4js_E&quot;,&quot;video_type&quot;:&quot;youtube&quot;,&quot;controls&quot;:&quot;yes&quot;}\" data-widget_type=\"video.default\">\n\t\t\t\t<div class=\"elementor-widget-container\">\n\t\t\t\t\t\t\t<div class=\"elementor-wrapper elementor-open-inline\">\n\t\t\t<div class=\"elementor-video\"><\/div>\t\t<\/div>\n\t\t\t\t\t\t<\/div>\n\t\t\t\t<\/div>\n\t\t\t\t\t<\/div>\n\t\t\t\t<\/div>\n\t\t<div class=\"elementor-element elementor-element-35a9c14 e-flex e-con-boxed e-con e-child\" data-id=\"35a9c14\" data-element_type=\"container\" data-e-type=\"container\">\n\t\t\t\t\t<div class=\"e-con-inner\">\n\t\t\t\t<div class=\"elementor-element elementor-element-35dbeced elementor-widget__width-inherit elementor-widget-mobile__width-inherit elementor-widget elementor-widget-gallery\" data-id=\"35dbeced\" data-element_type=\"widget\" data-e-type=\"widget\" data-settings=\"{&quot;image_hover_animation&quot;:&quot;grow&quot;,&quot;gallery_layout&quot;:&quot;masonry&quot;,&quot;columns&quot;:3,&quot;lazyload&quot;:&quot;yes&quot;,&quot;columns_tablet&quot;:2,&quot;columns_mobile&quot;:1,&quot;gap&quot;:{&quot;unit&quot;:&quot;px&quot;,&quot;size&quot;:10,&quot;sizes&quot;:[]},&quot;gap_tablet&quot;:{&quot;unit&quot;:&quot;px&quot;,&quot;size&quot;:10,&quot;sizes&quot;:[]},&quot;gap_mobile&quot;:{&quot;unit&quot;:&quot;px&quot;,&quot;size&quot;:10,&quot;sizes&quot;:[]},&quot;link_to&quot;:&quot;file&quot;,&quot;content_hover_animation&quot;:&quot;fade-in&quot;}\" data-widget_type=\"gallery.default\">\n\t\t\t\t<div class=\"elementor-widget-container\">\n\t\t\t\t\t\t\t<div class=\"elementor-gallery__container\">\n\t\t\t\t\t\t\t<a class=\"e-gallery-item elementor-gallery-item elementor-animated-content\" href=\"https:\/\/kabezashuecas.com\/wp-content\/uploads\/2026\/02\/repro-ecu-1.png\" data-elementor-open-lightbox=\"yes\" data-elementor-lightbox-slideshow=\"35dbeced\" data-elementor-lightbox-title=\"repro-ecu.png\" data-e-action-hash=\"#elementor-action%3Aaction%3Dlightbox%26settings%3DeyJpZCI6MjUxNywidXJsIjoiaHR0cHM6XC9cL2thYmV6YXNodWVjYXMuY29tXC93cC1jb250ZW50XC91cGxvYWRzXC8yMDI2XC8wMlwvcmVwcm8tZWN1LTEucG5nIiwic2xpZGVzaG93IjoiMzVkYmVjZWQifQ%3D%3D\">\n\t\t\t\t\t<div class=\"e-gallery-image elementor-gallery-item__image\" data-thumbnail=\"https:\/\/kabezashuecas.com\/wp-content\/uploads\/2026\/02\/repro-ecu-1.png\" data-width=\"768\" data-height=\"512\" aria-label=\"\" role=\"img\" ><\/div>\n\t\t\t\t\t\t\t\t\t\t\t\t\t\t<\/a>\n\t\t\t\t\t\t\t<a class=\"e-gallery-item elementor-gallery-item elementor-animated-content\" href=\"https:\/\/kabezashuecas.com\/wp-content\/uploads\/2026\/02\/vehiculos-pesados.png\" data-elementor-open-lightbox=\"yes\" data-elementor-lightbox-slideshow=\"35dbeced\" data-elementor-lightbox-title=\"vehiculos-pesados\" data-e-action-hash=\"#elementor-action%3Aaction%3Dlightbox%26settings%3DeyJpZCI6MjIyOCwidXJsIjoiaHR0cHM6XC9cL2thYmV6YXNodWVjYXMuY29tXC93cC1jb250ZW50XC91cGxvYWRzXC8yMDI2XC8wMlwvdmVoaWN1bG9zLXBlc2Fkb3MucG5nIiwic2xpZGVzaG93IjoiMzVkYmVjZWQifQ%3D%3D\">\n\t\t\t\t\t<div class=\"e-gallery-image elementor-gallery-item__image\" data-thumbnail=\"https:\/\/kabezashuecas.com\/wp-content\/uploads\/2026\/02\/vehiculos-pesados.png\" data-width=\"768\" data-height=\"512\" aria-label=\"\" role=\"img\" ><\/div>\n\t\t\t\t\t\t\t\t\t\t\t\t\t\t<\/a>\n\t\t\t\t\t\t\t<a class=\"e-gallery-item elementor-gallery-item elementor-animated-content\" href=\"https:\/\/kabezashuecas.com\/wp-content\/uploads\/2026\/02\/MSR_400_Bodeneben.5288dca6-1-1.png\" data-elementor-open-lightbox=\"yes\" data-elementor-lightbox-slideshow=\"35dbeced\" data-elementor-lightbox-title=\"MSR_400_Bodeneben.5288dca6 (1) (1)\" data-e-action-hash=\"#elementor-action%3Aaction%3Dlightbox%26settings%3DeyJpZCI6MjUyNywidXJsIjoiaHR0cHM6XC9cL2thYmV6YXNodWVjYXMuY29tXC93cC1jb250ZW50XC91cGxvYWRzXC8yMDI2XC8wMlwvTVNSXzQwMF9Cb2RlbmViZW4uNTI4OGRjYTYtMS0xLnBuZyIsInNsaWRlc2hvdyI6IjM1ZGJlY2VkIn0%3D\">\n\t\t\t\t\t<div class=\"e-gallery-image elementor-gallery-item__image\" data-thumbnail=\"https:\/\/kabezashuecas.com\/wp-content\/uploads\/2026\/02\/MSR_400_Bodeneben.5288dca6-1-1-768x512.png\" data-width=\"768\" data-height=\"512\" aria-label=\"\" role=\"img\" ><\/div>\n\t\t\t\t\t\t\t\t\t\t\t\t\t\t<\/a>\n\t\t\t\t\t\t\t<a class=\"e-gallery-item elementor-gallery-item elementor-animated-content\" href=\"https:\/\/kabezashuecas.com\/wp-content\/uploads\/2026\/02\/optimizacion-de-motor-1.png\" data-elementor-open-lightbox=\"yes\" data-elementor-lightbox-slideshow=\"35dbeced\" data-elementor-lightbox-title=\"optimizacion-de-motor.png\" data-e-action-hash=\"#elementor-action%3Aaction%3Dlightbox%26settings%3DeyJpZCI6MjUxOCwidXJsIjoiaHR0cHM6XC9cL2thYmV6YXNodWVjYXMuY29tXC93cC1jb250ZW50XC91cGxvYWRzXC8yMDI2XC8wMlwvb3B0aW1pemFjaW9uLWRlLW1vdG9yLTEucG5nIiwic2xpZGVzaG93IjoiMzVkYmVjZWQifQ%3D%3D\">\n\t\t\t\t\t<div class=\"e-gallery-image elementor-gallery-item__image\" data-thumbnail=\"https:\/\/kabezashuecas.com\/wp-content\/uploads\/2026\/02\/optimizacion-de-motor-1.png\" data-width=\"768\" data-height=\"512\" aria-label=\"\" role=\"img\" ><\/div>\n\t\t\t\t\t\t\t\t\t\t\t\t\t\t<\/a>\n\t\t\t\t\t\t\t<a class=\"e-gallery-item elementor-gallery-item elementor-animated-content\" href=\"https:\/\/kabezashuecas.com\/wp-content\/uploads\/2026\/02\/repro-ecu.png\" data-elementor-open-lightbox=\"yes\" data-elementor-lightbox-slideshow=\"35dbeced\" data-elementor-lightbox-title=\"repro-ecu\" data-e-action-hash=\"#elementor-action%3Aaction%3Dlightbox%26settings%3DeyJpZCI6MjIyNiwidXJsIjoiaHR0cHM6XC9cL2thYmV6YXNodWVjYXMuY29tXC93cC1jb250ZW50XC91cGxvYWRzXC8yMDI2XC8wMlwvcmVwcm8tZWN1LnBuZyIsInNsaWRlc2hvdyI6IjM1ZGJlY2VkIn0%3D\">\n\t\t\t\t\t<div class=\"e-gallery-image elementor-gallery-item__image\" data-thumbnail=\"https:\/\/kabezashuecas.com\/wp-content\/uploads\/2026\/02\/repro-ecu.png\" data-width=\"768\" data-height=\"512\" aria-label=\"\" role=\"img\" ><\/div>\n\t\t\t\t\t\t\t\t\t\t\t\t\t\t<\/a>\n\t\t\t\t\t\t\t<a class=\"e-gallery-item elementor-gallery-item elementor-animated-content\" href=\"https:\/\/kabezashuecas.com\/wp-content\/uploads\/2026\/02\/soluciones-para-talleres-1.png\" data-elementor-open-lightbox=\"yes\" data-elementor-lightbox-slideshow=\"35dbeced\" data-elementor-lightbox-title=\"soluciones-para-talleres.png\" data-e-action-hash=\"#elementor-action%3Aaction%3Dlightbox%26settings%3DeyJpZCI6MjUxNiwidXJsIjoiaHR0cHM6XC9cL2thYmV6YXNodWVjYXMuY29tXC93cC1jb250ZW50XC91cGxvYWRzXC8yMDI2XC8wMlwvc29sdWNpb25lcy1wYXJhLXRhbGxlcmVzLTEucG5nIiwic2xpZGVzaG93IjoiMzVkYmVjZWQifQ%3D%3D\">\n\t\t\t\t\t<div class=\"e-gallery-image elementor-gallery-item__image\" data-thumbnail=\"https:\/\/kabezashuecas.com\/wp-content\/uploads\/2026\/02\/soluciones-para-talleres-1.png\" data-width=\"768\" data-height=\"512\" aria-label=\"\" role=\"img\" ><\/div>\n\t\t\t\t\t\t\t\t\t\t\t\t\t\t<\/a>\n\t\t\t\t\t\t\t<a class=\"e-gallery-item elementor-gallery-item elementor-animated-content\" href=\"https:\/\/kabezashuecas.com\/wp-content\/uploads\/2026\/02\/soluciones-para-talleres.png\" data-elementor-open-lightbox=\"yes\" data-elementor-lightbox-slideshow=\"35dbeced\" data-elementor-lightbox-title=\"soluciones-para-talleres\" data-e-action-hash=\"#elementor-action%3Aaction%3Dlightbox%26settings%3DeyJpZCI6MjIyNywidXJsIjoiaHR0cHM6XC9cL2thYmV6YXNodWVjYXMuY29tXC93cC1jb250ZW50XC91cGxvYWRzXC8yMDI2XC8wMlwvc29sdWNpb25lcy1wYXJhLXRhbGxlcmVzLnBuZyIsInNsaWRlc2hvdyI6IjM1ZGJlY2VkIn0%3D\">\n\t\t\t\t\t<div class=\"e-gallery-image elementor-gallery-item__image\" data-thumbnail=\"https:\/\/kabezashuecas.com\/wp-content\/uploads\/2026\/02\/soluciones-para-talleres.png\" data-width=\"768\" data-height=\"512\" aria-label=\"\" role=\"img\" ><\/div>\n\t\t\t\t\t\t\t\t\t\t\t\t\t\t<\/a>\n\t\t\t\t\t<\/div>\n\t\t\t\t\t<\/div>\n\t\t\t\t<\/div>\n\t\t\t\t\t<\/div>\n\t\t\t\t<\/div>\n\t\t\t\t<\/div>\n\t\t\t\t<\/div>","protected":false},"excerpt":{"rendered":"<p>Nuestros Proyectos ReMap KabezasHuecas<\/p>","protected":false},"author":1,"featured_media":0,"parent":0,"menu_order":0,"comment_status":"closed","ping_status":"closed","template":"","meta":{"site-sidebar-layout":"no-sidebar","site-content-layout":"","ast-site-content-layout":"full-width-container","site-content-style":"default","site-sidebar-style":"default","ast-global-header-display":"","ast-banner-title-visibility":"","ast-main-header-display":"","ast-hfb-above-header-display":"","ast-hfb-below-header-display":"","ast-hfb-mobile-header-display":"","site-post-title":"","ast-breadcrumbs-content":"","ast-featured-img":"disabled","footer-sml-layout":"","ast-disable-related-posts":"","theme-transparent-header-meta":"","adv-header-id-meta":"","stick-header-meta":"","header-above-stick-meta":"","header-main-stick-meta":"","header-below-stick-meta":"","astra-migrate-meta-layouts":"default","ast-page-background-enabled":"default","ast-page-background-meta":{"desktop":{"background-color":"var(--ast-global-color-5)","background-image":"","background-repeat":"repeat","background-position":"center center","background-size":"auto","background-attachment":"scroll","background-type":"","background-media":"","overlay-type":"","overlay-color":"","overlay-opacity":"","overlay-gradient":""},"tablet":{"background-color":"","background-image":"","background-repeat":"repeat","background-position":"center center","background-size":"auto","background-attachment":"scroll","background-type":"","background-media":"","overlay-type":"","overlay-color":"","overlay-opacity":"","overlay-gradient":""},"mobile":{"background-color":"","background-image":"","background-repeat":"repeat","background-position":"center center","background-size":"auto","background-attachment":"scroll","background-type":"","background-media":"","overlay-type":"","overlay-color":"","overlay-opacity":"","overlay-gradient":""}},"ast-content-background-meta":{"desktop":{"background-color":"var(--ast-global-color-4)","background-image":"","background-repeat":"repeat","background-position":"center center","background-size":"auto","background-attachment":"scroll","background-type":"","background-media":"","overlay-type":"","overlay-color":"","overlay-opacity":"","overlay-gradient":""},"tablet":{"background-color":"var(--ast-global-color-4)","background-image":"","background-repeat":"repeat","background-position":"center center","background-size":"auto","background-attachment":"scroll","background-type":"","background-media":"","overlay-type":"","overlay-color":"","overlay-opacity":"","overlay-gradient":""},"mobile":{"background-color":"var(--ast-global-color-4)","background-image":"","background-repeat":"repeat","background-position":"center center","background-size":"auto","background-attachment":"scroll","background-type":"","background-media":"","overlay-type":"","overlay-color":"","overlay-opacity":"","overlay-gradient":""}},"footnotes":""},"class_list":["post-2768","page","type-page","status-publish","hentry"],"yoast_head":"<!-- This site is optimized with the Yoast SEO plugin v27.4 - https:\/\/yoast.com\/product\/yoast-seo-wordpress\/ -->\n<title>Proyectos - ReMap KabezasHuecas<\/title>\n<meta name=\"robots\" content=\"index, follow, max-snippet:-1, max-image-preview:large, max-video-preview:-1\" \/>\n<link rel=\"canonical\" href=\"https:\/\/kabezashuecas.com\/pt\/proyectos\/\" \/>\n<meta property=\"og:locale\" content=\"pt_BR\" \/>\n<meta property=\"og:type\" content=\"article\" \/>\n<meta property=\"og:title\" content=\"Proyectos - ReMap KabezasHuecas\" \/>\n<meta property=\"og:description\" content=\"Nuestros Proyectos ReMap KabezasHuecas\" \/>\n<meta property=\"og:url\" content=\"https:\/\/kabezashuecas.com\/pt\/proyectos\/\" \/>\n<meta property=\"og:site_name\" content=\"ReMap KabezasHuecas\" \/>\n<meta property=\"article:publisher\" content=\"https:\/\/www.facebook.com\/profile.php?id=61579622331817\" \/>\n<meta property=\"article:modified_time\" content=\"2026-02-27T15:46:26+00:00\" \/>\n<meta property=\"og:image\" content=\"https:\/\/kabezashuecas.com\/wp-content\/uploads\/2026\/02\/optimizacion-de-motor.png\" \/>\n\t<meta property=\"og:image:width\" content=\"1536\" \/>\n\t<meta property=\"og:image:height\" content=\"1024\" \/>\n\t<meta property=\"og:image:type\" content=\"image\/png\" \/>\n<meta name=\"twitter:card\" content=\"summary_large_image\" \/>\n<meta name=\"twitter:label1\" content=\"Est. tempo de leitura\" \/>\n\t<meta name=\"twitter:data1\" content=\"1 minuto\" \/>\n<script type=\"application\/ld+json\" class=\"yoast-schema-graph\">{\"@context\":\"https:\\\/\\\/schema.org\",\"@graph\":[{\"@type\":\"WebPage\",\"@id\":\"https:\\\/\\\/kabezashuecas.com\\\/proyectos\\\/\",\"url\":\"https:\\\/\\\/kabezashuecas.com\\\/proyectos\\\/\",\"name\":\"Proyectos - ReMap KabezasHuecas\",\"isPartOf\":{\"@id\":\"https:\\\/\\\/kabezashuecas.com\\\/#website\"},\"datePublished\":\"2026-02-26T04:06:55+00:00\",\"dateModified\":\"2026-02-27T15:46:26+00:00\",\"breadcrumb\":{\"@id\":\"https:\\\/\\\/kabezashuecas.com\\\/proyectos\\\/#breadcrumb\"},\"inLanguage\":\"pt-BR\",\"potentialAction\":[{\"@type\":\"ReadAction\",\"target\":[\"https:\\\/\\\/kabezashuecas.com\\\/proyectos\\\/\"]}]},{\"@type\":\"BreadcrumbList\",\"@id\":\"https:\\\/\\\/kabezashuecas.com\\\/proyectos\\\/#breadcrumb\",\"itemListElement\":[{\"@type\":\"ListItem\",\"position\":1,\"name\":\"Portada\",\"item\":\"https:\\\/\\\/kabezashuecas.com\\\/\"},{\"@type\":\"ListItem\",\"position\":2,\"name\":\"Proyectos\"}]},{\"@type\":\"WebSite\",\"@id\":\"https:\\\/\\\/kabezashuecas.com\\\/#website\",\"url\":\"https:\\\/\\\/kabezashuecas.com\\\/\",\"name\":\"ReMap KabezasHuecas\",\"description\":\"Reprogramaci\u00f3n de ECU. Soluciones electr\u00f3nicas para veh\u00edculos, compatibles con autos y motos.\",\"publisher\":{\"@id\":\"https:\\\/\\\/kabezashuecas.com\\\/#organization\"},\"alternateName\":\"ReMap KabezasHuecas\",\"potentialAction\":[{\"@type\":\"SearchAction\",\"target\":{\"@type\":\"EntryPoint\",\"urlTemplate\":\"https:\\\/\\\/kabezashuecas.com\\\/?s={search_term_string}\"},\"query-input\":{\"@type\":\"PropertyValueSpecification\",\"valueRequired\":true,\"valueName\":\"search_term_string\"}}],\"inLanguage\":\"pt-BR\"},{\"@type\":\"Organization\",\"@id\":\"https:\\\/\\\/kabezashuecas.com\\\/#organization\",\"name\":\"ReMap KabezasHuecas\",\"alternateName\":\"ReMap KabezasHuecas\",\"url\":\"https:\\\/\\\/kabezashuecas.com\\\/\",\"logo\":{\"@type\":\"ImageObject\",\"inLanguage\":\"pt-BR\",\"@id\":\"https:\\\/\\\/kabezashuecas.com\\\/#\\\/schema\\\/logo\\\/image\\\/\",\"url\":\"https:\\\/\\\/kabezashuecas.com\\\/wp-content\\\/uploads\\\/2025\\\/06\\\/web-logo-claro.png\",\"contentUrl\":\"https:\\\/\\\/kabezashuecas.com\\\/wp-content\\\/uploads\\\/2025\\\/06\\\/web-logo-claro.png\",\"width\":2459,\"height\":1717,\"caption\":\"ReMap KabezasHuecas\"},\"image\":{\"@id\":\"https:\\\/\\\/kabezashuecas.com\\\/#\\\/schema\\\/logo\\\/image\\\/\"},\"sameAs\":[\"https:\\\/\\\/www.facebook.com\\\/profile.php?id=61579622331817\",\"https:\\\/\\\/www.instagram.com\\\/tallerkabezashuecas\\\/\"]}]}<\/script>\n<!-- \/ Yoast SEO plugin. -->","yoast_head_json":{"title":"Proyectos - ReMap KabezasHuecas","robots":{"index":"index","follow":"follow","max-snippet":"max-snippet:-1","max-image-preview":"max-image-preview:large","max-video-preview":"max-video-preview:-1"},"canonical":"https:\/\/kabezashuecas.com\/pt\/proyectos\/","og_locale":"pt_BR","og_type":"article","og_title":"Proyectos - ReMap KabezasHuecas","og_description":"Nuestros Proyectos ReMap KabezasHuecas","og_url":"https:\/\/kabezashuecas.com\/pt\/proyectos\/","og_site_name":"ReMap KabezasHuecas","article_publisher":"https:\/\/www.facebook.com\/profile.php?id=61579622331817","article_modified_time":"2026-02-27T15:46:26+00:00","og_image":[{"width":1536,"height":1024,"url":"https:\/\/kabezashuecas.com\/wp-content\/uploads\/2026\/02\/optimizacion-de-motor.png","type":"image\/png"}],"twitter_card":"summary_large_image","twitter_misc":{"Est. tempo de leitura":"1 minuto"},"schema":{"@context":"https:\/\/schema.org","@graph":[{"@type":"WebPage","@id":"https:\/\/kabezashuecas.com\/proyectos\/","url":"https:\/\/kabezashuecas.com\/proyectos\/","name":"Proyectos - ReMap KabezasHuecas","isPartOf":{"@id":"https:\/\/kabezashuecas.com\/#website"},"datePublished":"2026-02-26T04:06:55+00:00","dateModified":"2026-02-27T15:46:26+00:00","breadcrumb":{"@id":"https:\/\/kabezashuecas.com\/proyectos\/#breadcrumb"},"inLanguage":"pt-BR","potentialAction":[{"@type":"ReadAction","target":["https:\/\/kabezashuecas.com\/proyectos\/"]}]},{"@type":"BreadcrumbList","@id":"https:\/\/kabezashuecas.com\/proyectos\/#breadcrumb","itemListElement":[{"@type":"ListItem","position":1,"name":"Portada","item":"https:\/\/kabezashuecas.com\/"},{"@type":"ListItem","position":2,"name":"Proyectos"}]},{"@type":"WebSite","@id":"https:\/\/kabezashuecas.com\/#website","url":"https:\/\/kabezashuecas.com\/","name":"ReMap KabezasHuecas","description":"Reprogramaci\u00f3n de ECU. Soluciones electr\u00f3nicas para veh\u00edculos, compatibles con autos y motos.","publisher":{"@id":"https:\/\/kabezashuecas.com\/#organization"},"alternateName":"ReMap KabezasHuecas","potentialAction":[{"@type":"SearchAction","target":{"@type":"EntryPoint","urlTemplate":"https:\/\/kabezashuecas.com\/?s={search_term_string}"},"query-input":{"@type":"PropertyValueSpecification","valueRequired":true,"valueName":"search_term_string"}}],"inLanguage":"pt-BR"},{"@type":"Organization","@id":"https:\/\/kabezashuecas.com\/#organization","name":"ReMap KabezasHuecas","alternateName":"ReMap KabezasHuecas","url":"https:\/\/kabezashuecas.com\/","logo":{"@type":"ImageObject","inLanguage":"pt-BR","@id":"https:\/\/kabezashuecas.com\/#\/schema\/logo\/image\/","url":"https:\/\/kabezashuecas.com\/wp-content\/uploads\/2025\/06\/web-logo-claro.png","contentUrl":"https:\/\/kabezashuecas.com\/wp-content\/uploads\/2025\/06\/web-logo-claro.png","width":2459,"height":1717,"caption":"ReMap KabezasHuecas"},"image":{"@id":"https:\/\/kabezashuecas.com\/#\/schema\/logo\/image\/"},"sameAs":["https:\/\/www.facebook.com\/profile.php?id=61579622331817","https:\/\/www.instagram.com\/tallerkabezashuecas\/"]}]}},"_links":{"self":[{"href":"https:\/\/kabezashuecas.com\/pt\/wp-json\/wp\/v2\/pages\/2768","targetHints":{"allow":["GET"]}}],"collection":[{"href":"https:\/\/kabezashuecas.com\/pt\/wp-json\/wp\/v2\/pages"}],"about":[{"href":"https:\/\/kabezashuecas.com\/pt\/wp-json\/wp\/v2\/types\/page"}],"author":[{"embeddable":true,"href":"https:\/\/kabezashuecas.com\/pt\/wp-json\/wp\/v2\/users\/1"}],"replies":[{"embeddable":true,"href":"https:\/\/kabezashuecas.com\/pt\/wp-json\/wp\/v2\/comments?post=2768"}],"version-history":[{"count":22,"href":"https:\/\/kabezashuecas.com\/pt\/wp-json\/wp\/v2\/pages\/2768\/revisions"}],"predecessor-version":[{"id":2841,"href":"https:\/\/kabezashuecas.com\/pt\/wp-json\/wp\/v2\/pages\/2768\/revisions\/2841"}],"wp:attachment":[{"href":"https:\/\/kabezashuecas.com\/pt\/wp-json\/wp\/v2\/media?parent=2768"}],"curies":[{"name":"wp","href":"https:\/\/api.w.org\/{rel}","templated":true}]}}